{"id":11661,"date":"2025-06-25T17:22:03","date_gmt":"2025-06-25T15:22:03","guid":{"rendered":"https:\/\/www.dantik.es\/?post_type=product&#038;p=11661"},"modified":"2025-06-25T17:22:03","modified_gmt":"2025-06-25T15:22:03","slug":"sortija-roseton-de-oro-amarillo-de-18k-con-7-diamantes-en-talla-brillante-y-oval-con-un-total-de-0-26-cts","status":"publish","type":"product","link":"https:\/\/www.dantik.es\/en\/producto\/sortija-roseton-de-oro-amarillo-de-18k-con-7-diamantes-en-talla-brillante-y-oval-con-un-total-de-0-26-cts\/","title":{"rendered":"Sortija Roset\u00f3n de oro amarillo de 18k con 7 diamantes en talla brillante y oval con un total de 0.26 cts"},"content":{"rendered":"<p>Sortija tipo roset\u00f3n con un elegante diamante central en talla oval, rodeado por un halo de diamantes en talla brillante que realzan su brillo y aportan un destello adicional. Un dise\u00f1o cl\u00e1sico y sofisticado que combina armon\u00eda y luminosidad.<\/p>\n","protected":false},"excerpt":{"rendered":"<p>Sortija tipo roset\u00f3n con un elegante diamante central en talla oval, rodeado por un halo de diamantes en talla brillante que realzan su brillo y aportan un destello adicional. Un dise\u00f1o cl\u00e1sico y sofisticado que combina armon\u00eda y luminosidad.<\/p>\n","protected":false},"featured_media":11634,"comment_status":"closed","ping_status":"closed","template":"","meta":[],"translation":{"provider":"WPGlobus","version":"2.12.2","language":"en","enabled_languages":["es","en"],"languages":{"es":{"title":true,"content":true,"excerpt":false},"en":{"title":false,"content":false,"excerpt":false}}},"_links":{"self":[{"href":"https:\/\/www.dantik.es\/en\/wp-json\/wp\/v2\/product\/11661"}],"collection":[{"href":"https:\/\/www.dantik.es\/en\/wp-json\/wp\/v2\/product"}],"about":[{"href":"https:\/\/www.dantik.es\/en\/wp-json\/wp\/v2\/types\/product"}],"replies":[{"embeddable":true,"href":"https:\/\/www.dantik.es\/en\/wp-json\/wp\/v2\/comments?post=11661"}],"wp:featuredmedia":[{"embeddable":true,"href":"https:\/\/www.dantik.es\/en\/wp-json\/wp\/v2\/media\/11634"}],"wp:attachment":[{"href":"https:\/\/www.dantik.es\/en\/wp-json\/wp\/v2\/media?parent=11661"}],"curies":[{"name":"wp","href":"https:\/\/api.w.org\/{rel}","templated":true}]}}