{"id":11624,"date":"2025-06-20T13:21:44","date_gmt":"2025-06-20T11:21:44","guid":{"rendered":"https:\/\/www.dantik.es\/?post_type=product&#038;p=11624"},"modified":"2025-06-20T13:21:45","modified_gmt":"2025-06-20T11:21:45","slug":"anillo-solitario-en-oro-amarillo-de-18k-con-diamante-central-en-talla-pera-con-un-total-de-1-ct","status":"publish","type":"product","link":"https:\/\/www.dantik.es\/en\/producto\/anillo-solitario-en-oro-amarillo-de-18k-con-diamante-central-en-talla-pera-con-un-total-de-1-ct\/","title":{"rendered":"Anillo solitario en oro amarillo de 18k con diamante central en talla pera con un total de 1 ct"},"content":{"rendered":"<p>Anillo solitario en oro amarillo de 18k, con un diamante central que resalta por su brillo y pureza, en un dise\u00f1o cl\u00e1sico y atemporal ideal para celebrar momentos \u00fanicos.<\/p>\n","protected":false},"excerpt":{"rendered":"<p>Anillo solitario en oro amarillo de 18k, con un diamante central que resalta por su brillo y pureza, en un dise\u00f1o cl\u00e1sico y atemporal ideal para celebrar momentos \u00fanicos.<\/p>\n","protected":false},"featured_media":11615,"comment_status":"closed","ping_status":"closed","template":"","meta":[],"translation":{"provider":"WPGlobus","version":"2.12.2","language":"en","enabled_languages":["es","en"],"languages":{"es":{"title":true,"content":true,"excerpt":false},"en":{"title":false,"content":false,"excerpt":false}}},"_links":{"self":[{"href":"https:\/\/www.dantik.es\/en\/wp-json\/wp\/v2\/product\/11624"}],"collection":[{"href":"https:\/\/www.dantik.es\/en\/wp-json\/wp\/v2\/product"}],"about":[{"href":"https:\/\/www.dantik.es\/en\/wp-json\/wp\/v2\/types\/product"}],"replies":[{"embeddable":true,"href":"https:\/\/www.dantik.es\/en\/wp-json\/wp\/v2\/comments?post=11624"}],"wp:featuredmedia":[{"embeddable":true,"href":"https:\/\/www.dantik.es\/en\/wp-json\/wp\/v2\/media\/11615"}],"wp:attachment":[{"href":"https:\/\/www.dantik.es\/en\/wp-json\/wp\/v2\/media?parent=11624"}],"curies":[{"name":"wp","href":"https:\/\/api.w.org\/{rel}","templated":true}]}}