{"id":11609,"date":"2025-06-20T12:47:38","date_gmt":"2025-06-20T10:47:38","guid":{"rendered":"https:\/\/www.dantik.es\/?post_type=product&#038;p=11609"},"modified":"2025-06-20T12:47:39","modified_gmt":"2025-06-20T10:47:39","slug":"gargantilla-en-oro-amarillo-de-18k-con-2-diamantes-en-talla-brillante-con-un-total-de-020-cts-y-2-perlas-de-tahiti","status":"publish","type":"product","link":"https:\/\/www.dantik.es\/en\/producto\/gargantilla-en-oro-amarillo-de-18k-con-2-diamantes-en-talla-brillante-con-un-total-de-020-cts-y-2-perlas-de-tahiti\/","title":{"rendered":"Gargantilla en oro amarillo de 18k con 2 diamantes en talla brillante con un total de 0,20 cts y 2 perlas de tahit\u00ed"},"content":{"rendered":"<p>Gargantilla en oro amarillo de 18k, adornada con diamantes y perlas de Tahit\u00ed, que combina la elegancia del brillo con la belleza ex\u00f3tica de las perlas en una pieza sofisticada y atemporal.<\/p>\n","protected":false},"excerpt":{"rendered":"<p>Gargantilla en oro amarillo de 18k, adornada con diamantes y perlas de Tahit\u00ed, que combina la elegancia del brillo con la belleza ex\u00f3tica de las perlas en una pieza sofisticada y atemporal.<\/p>\n","protected":false},"featured_media":11604,"comment_status":"closed","ping_status":"closed","template":"","meta":[],"translation":{"provider":"WPGlobus","version":"2.12.2","language":"en","enabled_languages":["es","en"],"languages":{"es":{"title":true,"content":true,"excerpt":false},"en":{"title":false,"content":false,"excerpt":false}}},"_links":{"self":[{"href":"https:\/\/www.dantik.es\/en\/wp-json\/wp\/v2\/product\/11609"}],"collection":[{"href":"https:\/\/www.dantik.es\/en\/wp-json\/wp\/v2\/product"}],"about":[{"href":"https:\/\/www.dantik.es\/en\/wp-json\/wp\/v2\/types\/product"}],"replies":[{"embeddable":true,"href":"https:\/\/www.dantik.es\/en\/wp-json\/wp\/v2\/comments?post=11609"}],"wp:featuredmedia":[{"embeddable":true,"href":"https:\/\/www.dantik.es\/en\/wp-json\/wp\/v2\/media\/11604"}],"wp:attachment":[{"href":"https:\/\/www.dantik.es\/en\/wp-json\/wp\/v2\/media?parent=11609"}],"curies":[{"name":"wp","href":"https:\/\/api.w.org\/{rel}","templated":true}]}}