{"id":11606,"date":"2025-06-20T12:33:23","date_gmt":"2025-06-20T10:33:23","guid":{"rendered":"https:\/\/www.dantik.es\/?post_type=product&#038;p=11606"},"modified":"2025-06-20T12:33:24","modified_gmt":"2025-06-20T10:33:24","slug":"pendientes-en-oro-amarillo-de-18k-con-4-diamantes-en-talla-brillante-con-un-total-de-04-cts-y-2-perlas-tahiti","status":"publish","type":"product","link":"https:\/\/www.dantik.es\/en\/producto\/pendientes-en-oro-amarillo-de-18k-con-4-diamantes-en-talla-brillante-con-un-total-de-04-cts-y-2-perlas-tahiti\/","title":{"rendered":"Pendientes en oro amarillo de 18k con 4 diamantes en talla brillante con un total de 0,4 cts y 2 perlas tahit\u00ed"},"content":{"rendered":"<p>Pendientes en oro amarillo de 18k, de dise\u00f1o sobrio y elegante, ideales para a\u00f1adir un toque de calidez y distinci\u00f3n a cualquier ocasi\u00f3n.<\/p>\n","protected":false},"excerpt":{"rendered":"<p>Pendientes en oro amarillo de 18k, de dise\u00f1o sobrio y elegante, ideales para a\u00f1adir un toque de calidez y distinci\u00f3n a cualquier ocasi\u00f3n.<\/p>\n","protected":false},"featured_media":11600,"comment_status":"closed","ping_status":"closed","template":"","meta":[],"translation":{"provider":"WPGlobus","version":"2.12.2","language":"en","enabled_languages":["es","en"],"languages":{"es":{"title":true,"content":true,"excerpt":false},"en":{"title":false,"content":false,"excerpt":false}}},"_links":{"self":[{"href":"https:\/\/www.dantik.es\/en\/wp-json\/wp\/v2\/product\/11606"}],"collection":[{"href":"https:\/\/www.dantik.es\/en\/wp-json\/wp\/v2\/product"}],"about":[{"href":"https:\/\/www.dantik.es\/en\/wp-json\/wp\/v2\/types\/product"}],"replies":[{"embeddable":true,"href":"https:\/\/www.dantik.es\/en\/wp-json\/wp\/v2\/comments?post=11606"}],"wp:featuredmedia":[{"embeddable":true,"href":"https:\/\/www.dantik.es\/en\/wp-json\/wp\/v2\/media\/11600"}],"wp:attachment":[{"href":"https:\/\/www.dantik.es\/en\/wp-json\/wp\/v2\/media?parent=11606"}],"curies":[{"name":"wp","href":"https:\/\/api.w.org\/{rel}","templated":true}]}}