{"id":11574,"date":"2025-06-20T10:54:11","date_gmt":"2025-06-20T08:54:11","guid":{"rendered":"https:\/\/www.dantik.es\/?post_type=product&#038;p=11574"},"modified":"2025-06-20T10:54:12","modified_gmt":"2025-06-20T08:54:12","slug":"conjunto-de-pendientes-roseton-y-sortija-roseton-de-oro-amarillo-y-24-diamantes-negros-en-talla-antigua-con-un-total-de-12-cts-y-3-esmeraldas-en-talla-oval-con-un-total-de-15-cts","status":"publish","type":"product","link":"https:\/\/www.dantik.es\/en\/producto\/conjunto-de-pendientes-roseton-y-sortija-roseton-de-oro-amarillo-y-24-diamantes-negros-en-talla-antigua-con-un-total-de-12-cts-y-3-esmeraldas-en-talla-oval-con-un-total-de-15-cts\/","title":{"rendered":"Conjunto de pendientes roset\u00f3n y sortija roset\u00f3n de oro amarillo y 24 diamantes negros en talla antigua con un total de 1,2 cts y 3 esmeraldas en talla oval con un total de 15 cts"},"content":{"rendered":"<p>Conjunto de pendientes y sortija Roset\u00f3n, con un dise\u00f1o cl\u00e1sico y armonioso que destaca por su elegancia atemporal, ideal para aportar un toque de sofisticaci\u00f3n y brillo a cualquier look.<\/p>\n","protected":false},"excerpt":{"rendered":"<p>Conjunto de pendientes y sortija Roset\u00f3n, con un dise\u00f1o cl\u00e1sico y armonioso que destaca por su elegancia atemporal, ideal para aportar un toque de sofisticaci\u00f3n y brillo a cualquier look.<\/p>\n","protected":false},"featured_media":11136,"comment_status":"closed","ping_status":"closed","template":"","meta":[],"translation":{"provider":"WPGlobus","version":"2.12.2","language":"en","enabled_languages":["es","en"],"languages":{"es":{"title":true,"content":true,"excerpt":false},"en":{"title":false,"content":false,"excerpt":false}}},"_links":{"self":[{"href":"https:\/\/www.dantik.es\/en\/wp-json\/wp\/v2\/product\/11574"}],"collection":[{"href":"https:\/\/www.dantik.es\/en\/wp-json\/wp\/v2\/product"}],"about":[{"href":"https:\/\/www.dantik.es\/en\/wp-json\/wp\/v2\/types\/product"}],"replies":[{"embeddable":true,"href":"https:\/\/www.dantik.es\/en\/wp-json\/wp\/v2\/comments?post=11574"}],"wp:featuredmedia":[{"embeddable":true,"href":"https:\/\/www.dantik.es\/en\/wp-json\/wp\/v2\/media\/11136"}],"wp:attachment":[{"href":"https:\/\/www.dantik.es\/en\/wp-json\/wp\/v2\/media?parent=11574"}],"curies":[{"name":"wp","href":"https:\/\/api.w.org\/{rel}","templated":true}]}}