{"id":11564,"date":"2025-06-20T10:14:00","date_gmt":"2025-06-20T08:14:00","guid":{"rendered":"https:\/\/www.dantik.es\/?post_type=product&#038;p=11564"},"modified":"2025-06-20T10:14:01","modified_gmt":"2025-06-20T08:14:01","slug":"pendientes-colgantes-en-oro-blanco-de-18k-con-16-diamantes-en-talla-brillante-con-un-total-de-016-cts","status":"publish","type":"product","link":"https:\/\/www.dantik.es\/en\/producto\/pendientes-colgantes-en-oro-blanco-de-18k-con-16-diamantes-en-talla-brillante-con-un-total-de-016-cts\/","title":{"rendered":"Pendientes colgantes en oro blanco de 18k con 16 diamantes en talla brillante con un total de 0,16 cts"},"content":{"rendered":"<p>Pendientes colgantes en oro blanco, delicadamente engastados con diamantes, que ofrecen un dise\u00f1o elegante y luminoso, ideal para destacar con sofisticaci\u00f3n en cualquier ocasi\u00f3n.<\/p>\n","protected":false},"excerpt":{"rendered":"<p>Pendientes colgantes en oro blanco, delicadamente engastados con diamantes, que ofrecen un dise\u00f1o elegante y luminoso, ideal para destacar con sofisticaci\u00f3n en cualquier ocasi\u00f3n.<\/p>\n","protected":false},"featured_media":11568,"comment_status":"closed","ping_status":"closed","template":"","meta":[],"translation":{"provider":"WPGlobus","version":"2.12.2","language":"en","enabled_languages":["es","en"],"languages":{"es":{"title":true,"content":true,"excerpt":false},"en":{"title":false,"content":false,"excerpt":false}}},"_links":{"self":[{"href":"https:\/\/www.dantik.es\/en\/wp-json\/wp\/v2\/product\/11564"}],"collection":[{"href":"https:\/\/www.dantik.es\/en\/wp-json\/wp\/v2\/product"}],"about":[{"href":"https:\/\/www.dantik.es\/en\/wp-json\/wp\/v2\/types\/product"}],"replies":[{"embeddable":true,"href":"https:\/\/www.dantik.es\/en\/wp-json\/wp\/v2\/comments?post=11564"}],"wp:featuredmedia":[{"embeddable":true,"href":"https:\/\/www.dantik.es\/en\/wp-json\/wp\/v2\/media\/11568"}],"wp:attachment":[{"href":"https:\/\/www.dantik.es\/en\/wp-json\/wp\/v2\/media?parent=11564"}],"curies":[{"name":"wp","href":"https:\/\/api.w.org\/{rel}","templated":true}]}}