{"id":11559,"date":"2025-06-19T18:58:29","date_gmt":"2025-06-19T16:58:29","guid":{"rendered":"https:\/\/www.dantik.es\/?post_type=product&#038;p=11559"},"modified":"2025-06-19T18:58:30","modified_gmt":"2025-06-19T16:58:30","slug":"gargantilla-de-oro-amarillo-de-18k-con-58-diamantes-en-talla-brillante-con-un-total-de-116-cts-y-19-topacio-fum","status":"publish","type":"product","link":"https:\/\/www.dantik.es\/en\/producto\/gargantilla-de-oro-amarillo-de-18k-con-58-diamantes-en-talla-brillante-con-un-total-de-116-cts-y-19-topacio-fum\/","title":{"rendered":"Gargantilla de oro amarillo de 18k con 58 diamantes en talla brillante con un total de 1,16 cts y 19 topacio fum"},"content":{"rendered":"<p>Gargantilla en oro amarillo de 18k, engastada con diamantes y topacios fum\u00e9, que combinan brillo y tonalidades c\u00e1lidas en una pieza elegante y con car\u00e1cter.<\/p>\n","protected":false},"excerpt":{"rendered":"<p>Gargantilla en oro amarillo de 18k, engastada con diamantes y topacios fum\u00e9, que combinan brillo y tonalidades c\u00e1lidas en una pieza elegante y con car\u00e1cter.<\/p>\n","protected":false},"featured_media":11562,"comment_status":"closed","ping_status":"closed","template":"","meta":[],"translation":{"provider":"WPGlobus","version":"2.12.2","language":"en","enabled_languages":["es","en"],"languages":{"es":{"title":true,"content":true,"excerpt":false},"en":{"title":false,"content":false,"excerpt":false}}},"_links":{"self":[{"href":"https:\/\/www.dantik.es\/en\/wp-json\/wp\/v2\/product\/11559"}],"collection":[{"href":"https:\/\/www.dantik.es\/en\/wp-json\/wp\/v2\/product"}],"about":[{"href":"https:\/\/www.dantik.es\/en\/wp-json\/wp\/v2\/types\/product"}],"replies":[{"embeddable":true,"href":"https:\/\/www.dantik.es\/en\/wp-json\/wp\/v2\/comments?post=11559"}],"wp:featuredmedia":[{"embeddable":true,"href":"https:\/\/www.dantik.es\/en\/wp-json\/wp\/v2\/media\/11562"}],"wp:attachment":[{"href":"https:\/\/www.dantik.es\/en\/wp-json\/wp\/v2\/media?parent=11559"}],"curies":[{"name":"wp","href":"https:\/\/api.w.org\/{rel}","templated":true}]}}