{"id":11544,"date":"2025-06-19T18:03:13","date_gmt":"2025-06-19T16:03:13","guid":{"rendered":"https:\/\/www.dantik.es\/?post_type=product&#038;p=11544"},"modified":"2025-06-19T18:03:14","modified_gmt":"2025-06-19T16:03:14","slug":"pendientes-en-oro-rosa-de-18k-con-22-diamantes-marrones-en-talla-brillante-con-un-total-de-0-44-cts","status":"publish","type":"product","link":"https:\/\/www.dantik.es\/en\/producto\/pendientes-en-oro-rosa-de-18k-con-22-diamantes-marrones-en-talla-brillante-con-un-total-de-0-44-cts\/","title":{"rendered":"Pendientes en oro rosa de 18k con 22 diamantes marrones en talla brillante con un total de 0.44 cts"},"content":{"rendered":"<p>Pendientes en oro amarillo de 18k, de dise\u00f1o elegante y atemporal, perfectos para a\u00f1adir un toque de calidez y sofisticaci\u00f3n a cualquier estilo.<\/p>\n","protected":false},"excerpt":{"rendered":"<p>Pendientes en oro amarillo de 18k, de dise\u00f1o elegante y atemporal, perfectos para a\u00f1adir un toque de calidez y sofisticaci\u00f3n a cualquier estilo.<\/p>\n","protected":false},"featured_media":11545,"comment_status":"closed","ping_status":"closed","template":"","meta":[],"translation":{"provider":"WPGlobus","version":"2.12.2","language":"en","enabled_languages":["es","en"],"languages":{"es":{"title":true,"content":true,"excerpt":false},"en":{"title":false,"content":false,"excerpt":false}}},"_links":{"self":[{"href":"https:\/\/www.dantik.es\/en\/wp-json\/wp\/v2\/product\/11544"}],"collection":[{"href":"https:\/\/www.dantik.es\/en\/wp-json\/wp\/v2\/product"}],"about":[{"href":"https:\/\/www.dantik.es\/en\/wp-json\/wp\/v2\/types\/product"}],"replies":[{"embeddable":true,"href":"https:\/\/www.dantik.es\/en\/wp-json\/wp\/v2\/comments?post=11544"}],"wp:featuredmedia":[{"embeddable":true,"href":"https:\/\/www.dantik.es\/en\/wp-json\/wp\/v2\/media\/11545"}],"wp:attachment":[{"href":"https:\/\/www.dantik.es\/en\/wp-json\/wp\/v2\/media?parent=11544"}],"curies":[{"name":"wp","href":"https:\/\/api.w.org\/{rel}","templated":true}]}}