{"id":11519,"date":"2025-06-19T17:19:28","date_gmt":"2025-06-19T15:19:28","guid":{"rendered":"https:\/\/www.dantik.es\/?post_type=product&#038;p=11519"},"modified":"2025-06-19T17:19:29","modified_gmt":"2025-06-19T15:19:29","slug":"pendientes-en-oro-amarillo-de-18k-con-2-diamantes-en-talla-brillante-con-un-total-015-cts","status":"publish","type":"product","link":"https:\/\/www.dantik.es\/en\/producto\/pendientes-en-oro-amarillo-de-18k-con-2-diamantes-en-talla-brillante-con-un-total-015-cts\/","title":{"rendered":"Pendientes en oro amarillo de 18k con 2 diamantes en talla brillante con un total 0,15 cts"},"content":{"rendered":"<p>Pendientes en oro amarillo de 18k, de dise\u00f1o elegante y atemporal, perfectos para a\u00f1adir un toque de calidez y sofisticaci\u00f3n a cualquier estilo.<\/p>\n","protected":false},"excerpt":{"rendered":"<p>Pendientes en oro amarillo de 18k, de dise\u00f1o elegante y atemporal, perfectos para a\u00f1adir un toque de calidez y sofisticaci\u00f3n a cualquier estilo.<\/p>\n","protected":false},"featured_media":11520,"comment_status":"closed","ping_status":"closed","template":"","meta":[],"translation":{"provider":"WPGlobus","version":"2.12.2","language":"en","enabled_languages":["es","en"],"languages":{"es":{"title":true,"content":true,"excerpt":false},"en":{"title":false,"content":false,"excerpt":false}}},"_links":{"self":[{"href":"https:\/\/www.dantik.es\/en\/wp-json\/wp\/v2\/product\/11519"}],"collection":[{"href":"https:\/\/www.dantik.es\/en\/wp-json\/wp\/v2\/product"}],"about":[{"href":"https:\/\/www.dantik.es\/en\/wp-json\/wp\/v2\/types\/product"}],"replies":[{"embeddable":true,"href":"https:\/\/www.dantik.es\/en\/wp-json\/wp\/v2\/comments?post=11519"}],"wp:featuredmedia":[{"embeddable":true,"href":"https:\/\/www.dantik.es\/en\/wp-json\/wp\/v2\/media\/11520"}],"wp:attachment":[{"href":"https:\/\/www.dantik.es\/en\/wp-json\/wp\/v2\/media?parent=11519"}],"curies":[{"name":"wp","href":"https:\/\/api.w.org\/{rel}","templated":true}]}}