{"id":11498,"date":"2025-06-19T12:59:10","date_gmt":"2025-06-19T10:59:10","guid":{"rendered":"https:\/\/www.dantik.es\/?post_type=product&#038;p=11498"},"modified":"2025-06-19T13:15:55","modified_gmt":"2025-06-19T11:15:55","slug":"pendientes-roseton-de-oro-blanco-de-18k-con-96-diamantes-en-talla-brillante-con-un-total-de-0-96-cts","status":"publish","type":"product","link":"https:\/\/www.dantik.es\/en\/producto\/pendientes-roseton-de-oro-blanco-de-18k-con-96-diamantes-en-talla-brillante-con-un-total-de-0-96-cts\/","title":{"rendered":"Pendientes Roset\u00f3n TOUS de oro blanco de 18k con 96 diamantes en talla brillante con un total de 0.96 cts"},"content":{"rendered":"<p>Pendientes Roset\u00f3n en oro blanco de 18k, de estilo cl\u00e1sico y refinado, perfectos para aportar un toque de brillo y elegancia atemporal a cualquier ocasi\u00f3n.<\/p>\n","protected":false},"excerpt":{"rendered":"<p>Pendientes Roset\u00f3n en oro blanco de 18k, de estilo cl\u00e1sico y refinado, perfectos para aportar un toque de brillo y elegancia atemporal a cualquier ocasi\u00f3n.<\/p>\n","protected":false},"featured_media":11499,"comment_status":"closed","ping_status":"closed","template":"","meta":[],"translation":{"provider":"WPGlobus","version":"2.12.2","language":"en","enabled_languages":["es","en"],"languages":{"es":{"title":true,"content":true,"excerpt":false},"en":{"title":false,"content":false,"excerpt":false}}},"_links":{"self":[{"href":"https:\/\/www.dantik.es\/en\/wp-json\/wp\/v2\/product\/11498"}],"collection":[{"href":"https:\/\/www.dantik.es\/en\/wp-json\/wp\/v2\/product"}],"about":[{"href":"https:\/\/www.dantik.es\/en\/wp-json\/wp\/v2\/types\/product"}],"replies":[{"embeddable":true,"href":"https:\/\/www.dantik.es\/en\/wp-json\/wp\/v2\/comments?post=11498"}],"wp:featuredmedia":[{"embeddable":true,"href":"https:\/\/www.dantik.es\/en\/wp-json\/wp\/v2\/media\/11499"}],"wp:attachment":[{"href":"https:\/\/www.dantik.es\/en\/wp-json\/wp\/v2\/media?parent=11498"}],"curies":[{"name":"wp","href":"https:\/\/api.w.org\/{rel}","templated":true}]}}