{"id":11497,"date":"2025-06-19T12:06:03","date_gmt":"2025-06-19T10:06:03","guid":{"rendered":"https:\/\/www.dantik.es\/?post_type=product&#038;p=11497"},"modified":"2025-06-19T12:06:04","modified_gmt":"2025-06-19T10:06:04","slug":"media-alianza-de-oro-amarillo-de-18k-con-10-diamantes-en-talla-brillante-con-un-total-de-05-cts","status":"publish","type":"product","link":"https:\/\/www.dantik.es\/en\/producto\/media-alianza-de-oro-amarillo-de-18k-con-10-diamantes-en-talla-brillante-con-un-total-de-05-cts\/","title":{"rendered":"Media Alianza de oro amarillo de 18k con 10 diamantes en talla brillante con un total de 0,5 cts"},"content":{"rendered":"<p>Media Alianza en oro amarillo de 18k, un dise\u00f1o cl\u00e1sico y refinado que simboliza elegancia y compromiso, perfecta para lucir sola o acompa\u00f1ada de otras sortijas.<\/p>\n","protected":false},"excerpt":{"rendered":"<p>Media Alianza en oro amarillo de 18k, un dise\u00f1o cl\u00e1sico y refinado que simboliza elegancia y compromiso, perfecta para lucir sola o acompa\u00f1ada de otras sortijas.<\/p>\n","protected":false},"featured_media":11491,"comment_status":"closed","ping_status":"closed","template":"","meta":[],"translation":{"provider":"WPGlobus","version":"2.12.2","language":"en","enabled_languages":["es","en"],"languages":{"es":{"title":true,"content":true,"excerpt":false},"en":{"title":false,"content":false,"excerpt":false}}},"_links":{"self":[{"href":"https:\/\/www.dantik.es\/en\/wp-json\/wp\/v2\/product\/11497"}],"collection":[{"href":"https:\/\/www.dantik.es\/en\/wp-json\/wp\/v2\/product"}],"about":[{"href":"https:\/\/www.dantik.es\/en\/wp-json\/wp\/v2\/types\/product"}],"replies":[{"embeddable":true,"href":"https:\/\/www.dantik.es\/en\/wp-json\/wp\/v2\/comments?post=11497"}],"wp:featuredmedia":[{"embeddable":true,"href":"https:\/\/www.dantik.es\/en\/wp-json\/wp\/v2\/media\/11491"}],"wp:attachment":[{"href":"https:\/\/www.dantik.es\/en\/wp-json\/wp\/v2\/media?parent=11497"}],"curies":[{"name":"wp","href":"https:\/\/api.w.org\/{rel}","templated":true}]}}