{"id":11486,"date":"2025-06-19T11:54:07","date_gmt":"2025-06-19T09:54:07","guid":{"rendered":"https:\/\/www.dantik.es\/?post_type=product&#038;p=11486"},"modified":"2025-06-19T11:54:07","modified_gmt":"2025-06-19T09:54:07","slug":"sortija-roseton-de-oro-amarillo-de-18k-con-11-diamantes-en-talla-brillante-con-un-total-de-1-2-cts","status":"publish","type":"product","link":"https:\/\/www.dantik.es\/en\/producto\/sortija-roseton-de-oro-amarillo-de-18k-con-11-diamantes-en-talla-brillante-con-un-total-de-1-2-cts\/","title":{"rendered":"Sortija Roset\u00f3n de oro amarillo de 18k con 11 diamantes en talla brillante con un total de 1.2 cts"},"content":{"rendered":"<p>Sortija Roset\u00f3n en oro amarillo de 18k, realzada con 11 diamantes que aportan brillo y elegancia a un dise\u00f1o cl\u00e1sico y sofisticado. Ideal para ocasiones especiales o como joya de uso diario con estilo<\/p>\n","protected":false},"excerpt":{"rendered":"<p>Sortija Roset\u00f3n en oro amarillo de 18k, realzada con 11 diamantes que aportan brillo y elegancia a un dise\u00f1o cl\u00e1sico y sofisticado. Ideal para ocasiones especiales o como joya de uso diario con estilo<\/p>\n","protected":false},"featured_media":11494,"comment_status":"closed","ping_status":"closed","template":"","meta":[],"translation":{"provider":"WPGlobus","version":"2.12.2","language":"en","enabled_languages":["es","en"],"languages":{"es":{"title":true,"content":true,"excerpt":false},"en":{"title":false,"content":false,"excerpt":false}}},"_links":{"self":[{"href":"https:\/\/www.dantik.es\/en\/wp-json\/wp\/v2\/product\/11486"}],"collection":[{"href":"https:\/\/www.dantik.es\/en\/wp-json\/wp\/v2\/product"}],"about":[{"href":"https:\/\/www.dantik.es\/en\/wp-json\/wp\/v2\/types\/product"}],"replies":[{"embeddable":true,"href":"https:\/\/www.dantik.es\/en\/wp-json\/wp\/v2\/comments?post=11486"}],"wp:featuredmedia":[{"embeddable":true,"href":"https:\/\/www.dantik.es\/en\/wp-json\/wp\/v2\/media\/11494"}],"wp:attachment":[{"href":"https:\/\/www.dantik.es\/en\/wp-json\/wp\/v2\/media?parent=11486"}],"curies":[{"name":"wp","href":"https:\/\/api.w.org\/{rel}","templated":true}]}}