{"id":11476,"date":"2025-06-19T11:28:01","date_gmt":"2025-06-19T09:28:01","guid":{"rendered":"https:\/\/www.dantik.es\/?post_type=product&#038;p=11476"},"modified":"2025-06-19T17:04:20","modified_gmt":"2025-06-19T15:04:20","slug":"gargantilla-floral-en-oro-blanco-de-18kt-con-brillantes-y-zafiros","status":"publish","type":"product","link":"https:\/\/www.dantik.es\/en\/producto\/gargantilla-floral-en-oro-blanco-de-18kt-con-brillantes-y-zafiros\/","title":{"rendered":"Gargantilla Floral en Oro Blanco de 18kt con Brillantes y Zafiros."},"content":{"rendered":"<p>Una exquisita gargantilla elaborada en oro blanco de 18 quilates, que combina la pureza del dise\u00f1o con la intensidad del color. Finamente engastada con brillantes que aportan destellos de luz en cada movimiento, la pieza se embellece a\u00fan m\u00e1s con rub\u00edes naturales de tono rojo profundo, cuidadosamente seleccionados por su intensidad y transparencia. Una joya sofisticada que encarna la pasi\u00f3n, la elegancia y la distinci\u00f3n.<\/p>\n","protected":false},"excerpt":{"rendered":"<p>Una exquisita gargantilla elaborada en oro blanco de 18 quilates, que combina la pureza del dise\u00f1o con la intensidad del color. Finamente engastada con brillantes que aportan destellos de luz en cada movimiento, la pieza se embellece a\u00fan m\u00e1s con rub\u00edes naturales de tono rojo profundo, cuidadosamente seleccionados por su intensidad y transparencia. Una joya sofisticada que encarna la pasi\u00f3n,&hellip;<\/p>\n","protected":false},"featured_media":11478,"comment_status":"closed","ping_status":"closed","template":"","meta":[],"translation":{"provider":"WPGlobus","version":"2.12.2","language":"en","enabled_languages":["es","en"],"languages":{"es":{"title":true,"content":true,"excerpt":false},"en":{"title":false,"content":false,"excerpt":false}}},"_links":{"self":[{"href":"https:\/\/www.dantik.es\/en\/wp-json\/wp\/v2\/product\/11476"}],"collection":[{"href":"https:\/\/www.dantik.es\/en\/wp-json\/wp\/v2\/product"}],"about":[{"href":"https:\/\/www.dantik.es\/en\/wp-json\/wp\/v2\/types\/product"}],"replies":[{"embeddable":true,"href":"https:\/\/www.dantik.es\/en\/wp-json\/wp\/v2\/comments?post=11476"}],"wp:featuredmedia":[{"embeddable":true,"href":"https:\/\/www.dantik.es\/en\/wp-json\/wp\/v2\/media\/11478"}],"wp:attachment":[{"href":"https:\/\/www.dantik.es\/en\/wp-json\/wp\/v2\/media?parent=11476"}],"curies":[{"name":"wp","href":"https:\/\/api.w.org\/{rel}","templated":true}]}}