{"id":11460,"date":"2025-06-19T11:11:12","date_gmt":"2025-06-19T09:11:12","guid":{"rendered":"https:\/\/www.dantik.es\/?post_type=product&#038;p=11460"},"modified":"2025-06-19T11:11:13","modified_gmt":"2025-06-19T09:11:13","slug":"sortija-chopard-mod-love-en-oro-blanco-de-18kt-con-brillantes","status":"publish","type":"product","link":"https:\/\/www.dantik.es\/en\/producto\/sortija-chopard-mod-love-en-oro-blanco-de-18kt-con-brillantes\/","title":{"rendered":"Sortija Chopard Mod. Love en Oro blanco de 18kt con Brillantes."},"content":{"rendered":"<p>La sortija <strong data-start=\"176\" data-end=\"192\">Chopard Love<\/strong> en oro blanco de 18 quilates encarna la elegancia moderna y el romanticismo atemporal. Su dise\u00f1o minimalista, sofisticado y contempor\u00e1neo destaca por la ic\u00f3nica inscripci\u00f3n <em data-start=\"366\" data-end=\"372\">LOVE<\/em> grabada o moldeada en el anillo, s\u00edmbolo universal de afecto y compromiso. El acabado pulido del oro blanco aporta un brillo refinado, ideal para quienes buscan una pieza delicada pero con car\u00e1cter, fiel al esp\u00edritu elegante y emotivo de la Maison Chopard. En talla-13<\/p>\n<p>&nbsp;<\/p>\n","protected":false},"excerpt":{"rendered":"<p>La sortija Chopard Love en oro blanco de 18 quilates encarna la elegancia moderna y el romanticismo atemporal. Su dise\u00f1o minimalista, sofisticado y contempor\u00e1neo destaca por la ic\u00f3nica inscripci\u00f3n LOVE grabada o moldeada en el anillo, s\u00edmbolo universal de afecto y compromiso. El acabado pulido del oro blanco aporta un brillo refinado, ideal para quienes buscan una pieza delicada pero&hellip;<\/p>\n","protected":false},"featured_media":11472,"comment_status":"closed","ping_status":"closed","template":"","meta":[],"translation":{"provider":"WPGlobus","version":"2.12.2","language":"en","enabled_languages":["es","en"],"languages":{"es":{"title":true,"content":true,"excerpt":false},"en":{"title":false,"content":false,"excerpt":false}}},"_links":{"self":[{"href":"https:\/\/www.dantik.es\/en\/wp-json\/wp\/v2\/product\/11460"}],"collection":[{"href":"https:\/\/www.dantik.es\/en\/wp-json\/wp\/v2\/product"}],"about":[{"href":"https:\/\/www.dantik.es\/en\/wp-json\/wp\/v2\/types\/product"}],"replies":[{"embeddable":true,"href":"https:\/\/www.dantik.es\/en\/wp-json\/wp\/v2\/comments?post=11460"}],"wp:featuredmedia":[{"embeddable":true,"href":"https:\/\/www.dantik.es\/en\/wp-json\/wp\/v2\/media\/11472"}],"wp:attachment":[{"href":"https:\/\/www.dantik.es\/en\/wp-json\/wp\/v2\/media?parent=11460"}],"curies":[{"name":"wp","href":"https:\/\/api.w.org\/{rel}","templated":true}]}}