{"id":11455,"date":"2025-06-18T19:37:49","date_gmt":"2025-06-18T17:37:49","guid":{"rendered":"https:\/\/www.dantik.es\/?post_type=product&#038;p=11455"},"modified":"2025-06-19T10:39:59","modified_gmt":"2025-06-19T08:39:59","slug":"collar-de-perlas-con-cierre-de-oro-blanco-de-18k-diamantes-y-esmeraldas","status":"publish","type":"product","link":"https:\/\/www.dantik.es\/en\/producto\/collar-de-perlas-con-cierre-de-oro-blanco-de-18k-diamantes-y-esmeraldas\/","title":{"rendered":"Collar de perlas con cierre de oro blanco de 18K Diamantes y Esmeraldas."},"content":{"rendered":"<p>Este elegante collar est\u00e1 compuesto por perlas naturales de alta calidad, seleccionadas por su brillo y uniformidad. El cierre, elaborado en oro blanco de 18 quilates, est\u00e1 finamente engastado con brillantes que aportan destellos de luz sutiles y sofisticados. Acentuando su dise\u00f1o, se incorporan esmeraldas naturales que aportan un toque de color y distinci\u00f3n, convirtiendo esta pieza en un s\u00edmbolo de elegancia atemporal.<\/p>\n","protected":false},"excerpt":{"rendered":"<p>Este elegante collar est\u00e1 compuesto por perlas naturales de alta calidad, seleccionadas por su brillo y uniformidad. El cierre, elaborado en oro blanco de 18 quilates, est\u00e1 finamente engastado con brillantes que aportan destellos de luz sutiles y sofisticados. Acentuando su dise\u00f1o, se incorporan esmeraldas naturales que aportan un toque de color y distinci\u00f3n, convirtiendo esta pieza en un s\u00edmbolo&hellip;<\/p>\n","protected":false},"featured_media":11456,"comment_status":"closed","ping_status":"closed","template":"","meta":[],"translation":{"provider":"WPGlobus","version":"2.12.2","language":"en","enabled_languages":["es","en"],"languages":{"es":{"title":true,"content":true,"excerpt":false},"en":{"title":false,"content":false,"excerpt":false}}},"_links":{"self":[{"href":"https:\/\/www.dantik.es\/en\/wp-json\/wp\/v2\/product\/11455"}],"collection":[{"href":"https:\/\/www.dantik.es\/en\/wp-json\/wp\/v2\/product"}],"about":[{"href":"https:\/\/www.dantik.es\/en\/wp-json\/wp\/v2\/types\/product"}],"replies":[{"embeddable":true,"href":"https:\/\/www.dantik.es\/en\/wp-json\/wp\/v2\/comments?post=11455"}],"wp:featuredmedia":[{"embeddable":true,"href":"https:\/\/www.dantik.es\/en\/wp-json\/wp\/v2\/media\/11456"}],"wp:attachment":[{"href":"https:\/\/www.dantik.es\/en\/wp-json\/wp\/v2\/media?parent=11455"}],"curies":[{"name":"wp","href":"https:\/\/api.w.org\/{rel}","templated":true}]}}