{"id":11440,"date":"2025-06-18T18:54:37","date_gmt":"2025-06-18T16:54:37","guid":{"rendered":"https:\/\/www.dantik.es\/?post_type=product&#038;p=11440"},"modified":"2025-06-18T18:54:38","modified_gmt":"2025-06-18T16:54:38","slug":"sortija-roseton-de-oro-amarillo-de-18k-con-9-diamantes-en-talla-brillante-con-un-total-de-063-cts-y-ojo-del-tigre","status":"publish","type":"product","link":"https:\/\/www.dantik.es\/en\/producto\/sortija-roseton-de-oro-amarillo-de-18k-con-9-diamantes-en-talla-brillante-con-un-total-de-063-cts-y-ojo-del-tigre\/","title":{"rendered":"Sortija Roset\u00f3n de oro amarillo de 18k con 9 diamantes en talla brillante con un total de 0,63 cts y ojo del tigre"},"content":{"rendered":"<p>Sortija roset\u00f3n de oro amarillo de 18k con diamantes y ojo de tigre, que combina la calidez del oro con el brillo de los diamantes y la intensidad del ojo de tigre. Un dise\u00f1o \u00fanico y sofisticado, ideal para quienes buscan una joya con car\u00e1cter y distinci\u00f3n.<\/p>\n","protected":false},"excerpt":{"rendered":"<p>Sortija roset\u00f3n de oro amarillo de 18k con diamantes y ojo de tigre, que combina la calidez del oro con el brillo de los diamantes y la intensidad del ojo de tigre. Un dise\u00f1o \u00fanico y sofisticado, ideal para quienes buscan una joya con car\u00e1cter y distinci\u00f3n.<\/p>\n","protected":false},"featured_media":11441,"comment_status":"closed","ping_status":"closed","template":"","meta":[],"translation":{"provider":"WPGlobus","version":"2.12.2","language":"en","enabled_languages":["es","en"],"languages":{"es":{"title":true,"content":true,"excerpt":false},"en":{"title":false,"content":false,"excerpt":false}}},"_links":{"self":[{"href":"https:\/\/www.dantik.es\/en\/wp-json\/wp\/v2\/product\/11440"}],"collection":[{"href":"https:\/\/www.dantik.es\/en\/wp-json\/wp\/v2\/product"}],"about":[{"href":"https:\/\/www.dantik.es\/en\/wp-json\/wp\/v2\/types\/product"}],"replies":[{"embeddable":true,"href":"https:\/\/www.dantik.es\/en\/wp-json\/wp\/v2\/comments?post=11440"}],"wp:featuredmedia":[{"embeddable":true,"href":"https:\/\/www.dantik.es\/en\/wp-json\/wp\/v2\/media\/11441"}],"wp:attachment":[{"href":"https:\/\/www.dantik.es\/en\/wp-json\/wp\/v2\/media?parent=11440"}],"curies":[{"name":"wp","href":"https:\/\/api.w.org\/{rel}","templated":true}]}}