{"id":11435,"date":"2025-06-18T18:06:03","date_gmt":"2025-06-18T16:06:03","guid":{"rendered":"https:\/\/www.dantik.es\/?post_type=product&#038;p=11435"},"modified":"2025-06-18T18:06:04","modified_gmt":"2025-06-18T16:06:04","slug":"sortija-roseton-de-oro-amarillo-de-18k-con-14-diamantes-en-talla-brillante-con-un-total-de-014-cts","status":"publish","type":"product","link":"https:\/\/www.dantik.es\/en\/producto\/sortija-roseton-de-oro-amarillo-de-18k-con-14-diamantes-en-talla-brillante-con-un-total-de-014-cts\/","title":{"rendered":"Sortija Roset\u00f3n de oro amarillo de 18k con 14 diamantes en talla brillante con un total de 0,14 cts"},"content":{"rendered":"<p>Sortija roset\u00f3n de oro amarillo de 18k, con un dise\u00f1o floral cl\u00e1sico y refinado. Su estructura resalta una piedra central rodeada de peque\u00f1os destellos, aportando elegancia y un brillo atemporal.<\/p>\n","protected":false},"excerpt":{"rendered":"<p>Sortija roset\u00f3n de oro amarillo de 18k, con un dise\u00f1o floral cl\u00e1sico y refinado. Su estructura resalta una piedra central rodeada de peque\u00f1os destellos, aportando elegancia y un brillo atemporal.<\/p>\n","protected":false},"featured_media":11436,"comment_status":"closed","ping_status":"closed","template":"","meta":[],"translation":{"provider":"WPGlobus","version":"2.12.2","language":"en","enabled_languages":["es","en"],"languages":{"es":{"title":true,"content":true,"excerpt":false},"en":{"title":false,"content":false,"excerpt":false}}},"_links":{"self":[{"href":"https:\/\/www.dantik.es\/en\/wp-json\/wp\/v2\/product\/11435"}],"collection":[{"href":"https:\/\/www.dantik.es\/en\/wp-json\/wp\/v2\/product"}],"about":[{"href":"https:\/\/www.dantik.es\/en\/wp-json\/wp\/v2\/types\/product"}],"replies":[{"embeddable":true,"href":"https:\/\/www.dantik.es\/en\/wp-json\/wp\/v2\/comments?post=11435"}],"wp:featuredmedia":[{"embeddable":true,"href":"https:\/\/www.dantik.es\/en\/wp-json\/wp\/v2\/media\/11436"}],"wp:attachment":[{"href":"https:\/\/www.dantik.es\/en\/wp-json\/wp\/v2\/media?parent=11435"}],"curies":[{"name":"wp","href":"https:\/\/api.w.org\/{rel}","templated":true}]}}