{"id":11430,"date":"2025-06-18T17:57:04","date_gmt":"2025-06-18T15:57:04","guid":{"rendered":"https:\/\/www.dantik.es\/?post_type=product&#038;p=11430"},"modified":"2025-06-18T17:57:04","modified_gmt":"2025-06-18T15:57:04","slug":"sortija-roseton-de-oro-amarillo-de-18k-con-31-diamantes-en-talla-brillante-con-un-total-de-031-cts-y-un-zafiro-central-en-talla-oval-con-020-cts","status":"publish","type":"product","link":"https:\/\/www.dantik.es\/en\/producto\/sortija-roseton-de-oro-amarillo-de-18k-con-31-diamantes-en-talla-brillante-con-un-total-de-031-cts-y-un-zafiro-central-en-talla-oval-con-020-cts\/","title":{"rendered":"Sortija Roset\u00f3n de oro amarillo de 18k con 31 diamantes en talla brillante con un total de 0,31 cts y un zafiro central en talla oval con 0,20 cts"},"content":{"rendered":"<p>Sortija roset\u00f3n de oro amarillo de 18k, con un dise\u00f1o cl\u00e1sico y elegante. La disposici\u00f3n floral de sus piedras resalta el brillo central, creando una pieza sofisticada y atemporal.<\/p>\n","protected":false},"excerpt":{"rendered":"<p>Sortija roset\u00f3n de oro amarillo de 18k, con un dise\u00f1o cl\u00e1sico y elegante. La disposici\u00f3n floral de sus piedras resalta el brillo central, creando una pieza sofisticada y atemporal.<\/p>\n","protected":false},"featured_media":11431,"comment_status":"closed","ping_status":"closed","template":"","meta":[],"translation":{"provider":"WPGlobus","version":"2.12.2","language":"en","enabled_languages":["es","en"],"languages":{"es":{"title":true,"content":true,"excerpt":false},"en":{"title":false,"content":false,"excerpt":false}}},"_links":{"self":[{"href":"https:\/\/www.dantik.es\/en\/wp-json\/wp\/v2\/product\/11430"}],"collection":[{"href":"https:\/\/www.dantik.es\/en\/wp-json\/wp\/v2\/product"}],"about":[{"href":"https:\/\/www.dantik.es\/en\/wp-json\/wp\/v2\/types\/product"}],"replies":[{"embeddable":true,"href":"https:\/\/www.dantik.es\/en\/wp-json\/wp\/v2\/comments?post=11430"}],"wp:featuredmedia":[{"embeddable":true,"href":"https:\/\/www.dantik.es\/en\/wp-json\/wp\/v2\/media\/11431"}],"wp:attachment":[{"href":"https:\/\/www.dantik.es\/en\/wp-json\/wp\/v2\/media?parent=11430"}],"curies":[{"name":"wp","href":"https:\/\/api.w.org\/{rel}","templated":true}]}}