{"id":11419,"date":"2025-06-18T14:16:44","date_gmt":"2025-06-18T12:16:44","guid":{"rendered":"https:\/\/www.dantik.es\/?post_type=product&#038;p=11419"},"modified":"2025-06-19T10:39:35","modified_gmt":"2025-06-19T08:39:35","slug":"collar-de-perlas-con-cierre-de-oro-blanco-de-18k-diamantes-y-esmeralda-colombiana","status":"publish","type":"product","link":"https:\/\/www.dantik.es\/en\/producto\/collar-de-perlas-con-cierre-de-oro-blanco-de-18k-diamantes-y-esmeralda-colombiana\/","title":{"rendered":"Collar de perlas con cierre de oro blanco de 18K Diamantes y Esmeralda Colombiana."},"content":{"rendered":"<p>Este exquisito collar est\u00e1 compuesto por perlas naturales de lustre sedoso, perfectamente seleccionadas por su forma y brillo uniforme. El dise\u00f1o se realza con un cierre de oro blanco de 18 quilates, finamente trabajado, que incorpora peque\u00f1os brillantes engastados a mano para aportar un sutil destello de luz. Como pieza central del cierre, destaca una esmeralda colombiana de intenso color verde, cuidadosamente tallada, que aporta un toque de elegancia atemporal y sofisticaci\u00f3n.<\/p>\n","protected":false},"excerpt":{"rendered":"<p>Este exquisito collar est\u00e1 compuesto por perlas naturales de lustre sedoso, perfectamente seleccionadas por su forma y brillo uniforme. El dise\u00f1o se realza con un cierre de oro blanco de 18 quilates, finamente trabajado, que incorpora peque\u00f1os brillantes engastados a mano para aportar un sutil destello de luz. Como pieza central del cierre, destaca una esmeralda colombiana de intenso color&hellip;<\/p>\n","protected":false},"featured_media":11420,"comment_status":"closed","ping_status":"closed","template":"","meta":[],"translation":{"provider":"WPGlobus","version":"2.12.2","language":"en","enabled_languages":["es","en"],"languages":{"es":{"title":true,"content":true,"excerpt":false},"en":{"title":false,"content":false,"excerpt":false}}},"_links":{"self":[{"href":"https:\/\/www.dantik.es\/en\/wp-json\/wp\/v2\/product\/11419"}],"collection":[{"href":"https:\/\/www.dantik.es\/en\/wp-json\/wp\/v2\/product"}],"about":[{"href":"https:\/\/www.dantik.es\/en\/wp-json\/wp\/v2\/types\/product"}],"replies":[{"embeddable":true,"href":"https:\/\/www.dantik.es\/en\/wp-json\/wp\/v2\/comments?post=11419"}],"wp:featuredmedia":[{"embeddable":true,"href":"https:\/\/www.dantik.es\/en\/wp-json\/wp\/v2\/media\/11420"}],"wp:attachment":[{"href":"https:\/\/www.dantik.es\/en\/wp-json\/wp\/v2\/media?parent=11419"}],"curies":[{"name":"wp","href":"https:\/\/api.w.org\/{rel}","templated":true}]}}