{"id":11409,"date":"2025-06-18T13:27:54","date_gmt":"2025-06-18T11:27:54","guid":{"rendered":"https:\/\/www.dantik.es\/?post_type=product&#038;p=11409"},"modified":"2025-06-18T13:27:56","modified_gmt":"2025-06-18T11:27:56","slug":"pendientes-colgantes-de-oro-blanco-de-18k-con-2-diamantes-en-talla-brillante-con-un-total-de-010-cts-y-2-perlas-cultivadas","status":"publish","type":"product","link":"https:\/\/www.dantik.es\/en\/producto\/pendientes-colgantes-de-oro-blanco-de-18k-con-2-diamantes-en-talla-brillante-con-un-total-de-010-cts-y-2-perlas-cultivadas\/","title":{"rendered":"Pendientes Colgantes de oro blanco de 18k con 2 diamantes en talla brillante con un total de 0,10 cts y 2 perlas cultivadas"},"content":{"rendered":"<p>Pendientes colgantes de oro blanco de 18k, con un dise\u00f1o estilizado y brillante. Su forma alargada y elegante a\u00f1ade un toque de sofisticaci\u00f3n y movimiento, perfectos para ocasiones especiales o para destacar en el d\u00eda a d\u00eda.<\/p>\n","protected":false},"excerpt":{"rendered":"<p>Pendientes colgantes de oro blanco de 18k, con un dise\u00f1o estilizado y brillante. Su forma alargada y elegante a\u00f1ade un toque de sofisticaci\u00f3n y movimiento, perfectos para ocasiones especiales o para destacar en el d\u00eda a d\u00eda.<\/p>\n","protected":false},"featured_media":11411,"comment_status":"closed","ping_status":"closed","template":"","meta":[],"translation":{"provider":"WPGlobus","version":"2.12.2","language":"en","enabled_languages":["es","en"],"languages":{"es":{"title":true,"content":true,"excerpt":false},"en":{"title":false,"content":false,"excerpt":false}}},"_links":{"self":[{"href":"https:\/\/www.dantik.es\/en\/wp-json\/wp\/v2\/product\/11409"}],"collection":[{"href":"https:\/\/www.dantik.es\/en\/wp-json\/wp\/v2\/product"}],"about":[{"href":"https:\/\/www.dantik.es\/en\/wp-json\/wp\/v2\/types\/product"}],"replies":[{"embeddable":true,"href":"https:\/\/www.dantik.es\/en\/wp-json\/wp\/v2\/comments?post=11409"}],"wp:featuredmedia":[{"embeddable":true,"href":"https:\/\/www.dantik.es\/en\/wp-json\/wp\/v2\/media\/11411"}],"wp:attachment":[{"href":"https:\/\/www.dantik.es\/en\/wp-json\/wp\/v2\/media?parent=11409"}],"curies":[{"name":"wp","href":"https:\/\/api.w.org\/{rel}","templated":true}]}}