{"id":11404,"date":"2025-06-18T13:12:16","date_gmt":"2025-06-18T11:12:16","guid":{"rendered":"https:\/\/www.dantik.es\/?post_type=product&#038;p=11404"},"modified":"2025-06-18T13:12:17","modified_gmt":"2025-06-18T11:12:17","slug":"pendientes-colgantes-de-oro-blanco-de-18k-con-6-diamantes-en-talla-brillante-con-un-total-de-046-cts","status":"publish","type":"product","link":"https:\/\/www.dantik.es\/en\/producto\/pendientes-colgantes-de-oro-blanco-de-18k-con-6-diamantes-en-talla-brillante-con-un-total-de-046-cts\/","title":{"rendered":"Pendientes colgantes de oro blanco de 18k con 6 diamantes en talla brillante con un total de 0,46 cts"},"content":{"rendered":"<p>Pendientes colgantes de oro blanco de 18k, con un dise\u00f1o elegante y moderno. Su acabado brillante y l\u00edneas delicadas aportan movimiento y sofisticaci\u00f3n, ideales para realzar cualquier look con un toque de distinci\u00f3n.<\/p>\n","protected":false},"excerpt":{"rendered":"<p>Pendientes colgantes de oro blanco de 18k, con un dise\u00f1o elegante y moderno. Su acabado brillante y l\u00edneas delicadas aportan movimiento y sofisticaci\u00f3n, ideales para realzar cualquier look con un toque de distinci\u00f3n.<\/p>\n","protected":false},"featured_media":11406,"comment_status":"closed","ping_status":"closed","template":"","meta":[],"translation":{"provider":"WPGlobus","version":"2.12.2","language":"en","enabled_languages":["es","en"],"languages":{"es":{"title":true,"content":true,"excerpt":false},"en":{"title":false,"content":false,"excerpt":false}}},"_links":{"self":[{"href":"https:\/\/www.dantik.es\/en\/wp-json\/wp\/v2\/product\/11404"}],"collection":[{"href":"https:\/\/www.dantik.es\/en\/wp-json\/wp\/v2\/product"}],"about":[{"href":"https:\/\/www.dantik.es\/en\/wp-json\/wp\/v2\/types\/product"}],"replies":[{"embeddable":true,"href":"https:\/\/www.dantik.es\/en\/wp-json\/wp\/v2\/comments?post=11404"}],"wp:featuredmedia":[{"embeddable":true,"href":"https:\/\/www.dantik.es\/en\/wp-json\/wp\/v2\/media\/11406"}],"wp:attachment":[{"href":"https:\/\/www.dantik.es\/en\/wp-json\/wp\/v2\/media?parent=11404"}],"curies":[{"name":"wp","href":"https:\/\/api.w.org\/{rel}","templated":true}]}}