{"id":11399,"date":"2025-06-18T13:04:48","date_gmt":"2025-06-18T11:04:48","guid":{"rendered":"https:\/\/www.dantik.es\/?post_type=product&#038;p=11399"},"modified":"2025-06-18T13:04:49","modified_gmt":"2025-06-18T11:04:49","slug":"pendientes-dormilonas-de-oro-amarillo-de-18k-con-dos-diamantes-en-talla-brillante-con-un-total-de-05-cts","status":"publish","type":"product","link":"https:\/\/www.dantik.es\/en\/producto\/pendientes-dormilonas-de-oro-amarillo-de-18k-con-dos-diamantes-en-talla-brillante-con-un-total-de-05-cts\/","title":{"rendered":"Pendientes dormilonas de oro amarillo de 18k con dos diamantes en talla brillante con un total de 0,5 cts"},"content":{"rendered":"<p>Pendientes dormilonas de oro amarillo de 18k, de estilo sencillo y elegante. Su dise\u00f1o c\u00f3modo y discreto los hace perfectos para el uso diario, aportando un toque de brillo cl\u00e1sico y atemporal.<\/p>\n","protected":false},"excerpt":{"rendered":"<p>Pendientes dormilonas de oro amarillo de 18k, de estilo sencillo y elegante. Su dise\u00f1o c\u00f3modo y discreto los hace perfectos para el uso diario, aportando un toque de brillo cl\u00e1sico y atemporal.<\/p>\n","protected":false},"featured_media":11400,"comment_status":"closed","ping_status":"closed","template":"","meta":[],"translation":{"provider":"WPGlobus","version":"2.12.2","language":"en","enabled_languages":["es","en"],"languages":{"es":{"title":true,"content":true,"excerpt":false},"en":{"title":false,"content":false,"excerpt":false}}},"_links":{"self":[{"href":"https:\/\/www.dantik.es\/en\/wp-json\/wp\/v2\/product\/11399"}],"collection":[{"href":"https:\/\/www.dantik.es\/en\/wp-json\/wp\/v2\/product"}],"about":[{"href":"https:\/\/www.dantik.es\/en\/wp-json\/wp\/v2\/types\/product"}],"replies":[{"embeddable":true,"href":"https:\/\/www.dantik.es\/en\/wp-json\/wp\/v2\/comments?post=11399"}],"wp:featuredmedia":[{"embeddable":true,"href":"https:\/\/www.dantik.es\/en\/wp-json\/wp\/v2\/media\/11400"}],"wp:attachment":[{"href":"https:\/\/www.dantik.es\/en\/wp-json\/wp\/v2\/media?parent=11399"}],"curies":[{"name":"wp","href":"https:\/\/api.w.org\/{rel}","templated":true}]}}