{"id":11394,"date":"2025-06-18T12:46:19","date_gmt":"2025-06-18T10:46:19","guid":{"rendered":"https:\/\/www.dantik.es\/?post_type=product&#038;p=11394"},"modified":"2025-06-18T12:46:20","modified_gmt":"2025-06-18T10:46:20","slug":"pendientes-roseton-de-oro-amarillo-de-18k-con-2-diamantes-en-talla-brillante-con-un-total-de-040-cts-y-2-perlas-cultivadas","status":"publish","type":"product","link":"https:\/\/www.dantik.es\/en\/producto\/pendientes-roseton-de-oro-amarillo-de-18k-con-2-diamantes-en-talla-brillante-con-un-total-de-040-cts-y-2-perlas-cultivadas\/","title":{"rendered":"Pendientes Roset\u00f3n de oro amarillo de 18k con 2 diamantes en talla brillante con un total de 0,40 cts y 2  perlas cultivadas"},"content":{"rendered":"<p>Pendientes roset\u00f3n de oro amarillo de 18k con 2 diamantes en talla brillante. Un dise\u00f1o cl\u00e1sico y luminoso, donde el c\u00e1lido oro realza el resplandor de los diamantes, creando una joya sofisticada y atemporal.<\/p>\n","protected":false},"excerpt":{"rendered":"<p>Pendientes roset\u00f3n de oro amarillo de 18k con 2 diamantes en talla brillante. Un dise\u00f1o cl\u00e1sico y luminoso, donde el c\u00e1lido oro realza el resplandor de los diamantes, creando una joya sofisticada y atemporal.<\/p>\n","protected":false},"featured_media":11395,"comment_status":"closed","ping_status":"closed","template":"","meta":[],"translation":{"provider":"WPGlobus","version":"2.12.2","language":"en","enabled_languages":["es","en"],"languages":{"es":{"title":true,"content":true,"excerpt":false},"en":{"title":false,"content":false,"excerpt":false}}},"_links":{"self":[{"href":"https:\/\/www.dantik.es\/en\/wp-json\/wp\/v2\/product\/11394"}],"collection":[{"href":"https:\/\/www.dantik.es\/en\/wp-json\/wp\/v2\/product"}],"about":[{"href":"https:\/\/www.dantik.es\/en\/wp-json\/wp\/v2\/types\/product"}],"replies":[{"embeddable":true,"href":"https:\/\/www.dantik.es\/en\/wp-json\/wp\/v2\/comments?post=11394"}],"wp:featuredmedia":[{"embeddable":true,"href":"https:\/\/www.dantik.es\/en\/wp-json\/wp\/v2\/media\/11395"}],"wp:attachment":[{"href":"https:\/\/www.dantik.es\/en\/wp-json\/wp\/v2\/media?parent=11394"}],"curies":[{"name":"wp","href":"https:\/\/api.w.org\/{rel}","templated":true}]}}