{"id":11378,"date":"2025-06-18T11:59:31","date_gmt":"2025-06-18T09:59:31","guid":{"rendered":"https:\/\/www.dantik.es\/?post_type=product&#038;p=11378"},"modified":"2025-06-18T12:12:36","modified_gmt":"2025-06-18T10:12:36","slug":"sortija-roseton-de-or-blanco-de-18k-con-6-diamantes-en-talla-brillante-con-un-total-de-012-cts","status":"publish","type":"product","link":"https:\/\/www.dantik.es\/en\/producto\/sortija-roseton-de-or-blanco-de-18k-con-6-diamantes-en-talla-brillante-con-un-total-de-012-cts\/","title":{"rendered":"Sortija Roset\u00f3n de oro blanco de 18k con 6 diamantes en talla brillante con un total de 0,12 cts"},"content":{"rendered":"<p>Sortija roset\u00f3n de oro blanco de 18k, con un dise\u00f1o cl\u00e1sico y refinado. Su forma floral resalta la piedra central, rodeada de detalles que aportan brillo y elegancia, ideal para lucir en ocasiones especiales.<\/p>\n","protected":false},"excerpt":{"rendered":"<p>Sortija roset\u00f3n de oro blanco de 18k, con un dise\u00f1o cl\u00e1sico y refinado. Su forma floral resalta la piedra central, rodeada de detalles que aportan brillo y elegancia, ideal para lucir en ocasiones especiales.<\/p>\n","protected":false},"featured_media":11379,"comment_status":"closed","ping_status":"closed","template":"","meta":[],"translation":{"provider":"WPGlobus","version":"2.12.2","language":"en","enabled_languages":["es","en"],"languages":{"es":{"title":true,"content":true,"excerpt":false},"en":{"title":false,"content":false,"excerpt":false}}},"_links":{"self":[{"href":"https:\/\/www.dantik.es\/en\/wp-json\/wp\/v2\/product\/11378"}],"collection":[{"href":"https:\/\/www.dantik.es\/en\/wp-json\/wp\/v2\/product"}],"about":[{"href":"https:\/\/www.dantik.es\/en\/wp-json\/wp\/v2\/types\/product"}],"replies":[{"embeddable":true,"href":"https:\/\/www.dantik.es\/en\/wp-json\/wp\/v2\/comments?post=11378"}],"wp:featuredmedia":[{"embeddable":true,"href":"https:\/\/www.dantik.es\/en\/wp-json\/wp\/v2\/media\/11379"}],"wp:attachment":[{"href":"https:\/\/www.dantik.es\/en\/wp-json\/wp\/v2\/media?parent=11378"}],"curies":[{"name":"wp","href":"https:\/\/api.w.org\/{rel}","templated":true}]}}