{"id":11371,"date":"2025-06-18T11:52:49","date_gmt":"2025-06-18T09:52:49","guid":{"rendered":"https:\/\/www.dantik.es\/?post_type=product&#038;p=11371"},"modified":"2025-06-18T11:57:29","modified_gmt":"2025-06-18T09:57:29","slug":"sortija-roseton-de-oro-blanco-de-18k-con-12-diamantes-en-talla-brillante-y-princesa-con-un-total-de-0-24-cts","status":"publish","type":"product","link":"https:\/\/www.dantik.es\/en\/producto\/sortija-roseton-de-oro-blanco-de-18k-con-12-diamantes-en-talla-brillante-y-princesa-con-un-total-de-0-24-cts\/","title":{"rendered":"Sortija Roset\u00f3n de oro blanco de 18k con 12 diamantes en talla brillante y princesa con un total de 0.24 cts"},"content":{"rendered":"<p>Sortija roset\u00f3n de oro blanco de 18k, con un dise\u00f1o cl\u00e1sico y refinado. Su forma floral resalta la piedra central, rodeada de detalles que aportan brillo y elegancia, ideal para lucir en ocasiones especiales.<\/p>\n","protected":false},"excerpt":{"rendered":"<p>Sortija roset\u00f3n de oro blanco de 18k, con un dise\u00f1o cl\u00e1sico y refinado. Su forma floral resalta la piedra central, rodeada de detalles que aportan brillo y elegancia, ideal para lucir en ocasiones especiales.<\/p>\n","protected":false},"featured_media":11372,"comment_status":"closed","ping_status":"closed","template":"","meta":[],"translation":{"provider":"WPGlobus","version":"2.12.2","language":"en","enabled_languages":["es","en"],"languages":{"es":{"title":true,"content":true,"excerpt":false},"en":{"title":false,"content":false,"excerpt":false}}},"_links":{"self":[{"href":"https:\/\/www.dantik.es\/en\/wp-json\/wp\/v2\/product\/11371"}],"collection":[{"href":"https:\/\/www.dantik.es\/en\/wp-json\/wp\/v2\/product"}],"about":[{"href":"https:\/\/www.dantik.es\/en\/wp-json\/wp\/v2\/types\/product"}],"replies":[{"embeddable":true,"href":"https:\/\/www.dantik.es\/en\/wp-json\/wp\/v2\/comments?post=11371"}],"wp:featuredmedia":[{"embeddable":true,"href":"https:\/\/www.dantik.es\/en\/wp-json\/wp\/v2\/media\/11372"}],"wp:attachment":[{"href":"https:\/\/www.dantik.es\/en\/wp-json\/wp\/v2\/media?parent=11371"}],"curies":[{"name":"wp","href":"https:\/\/api.w.org\/{rel}","templated":true}]}}