{"id":11366,"date":"2025-06-18T11:43:57","date_gmt":"2025-06-18T09:43:57","guid":{"rendered":"https:\/\/www.dantik.es\/?post_type=product&#038;p=11366"},"modified":"2025-06-18T11:43:57","modified_gmt":"2025-06-18T09:43:57","slug":"pendientes-colgantes-de-oro-rosa-de-18k-con-32-diamantes-en-talla-antigua-con-un-total-de-104-cts","status":"publish","type":"product","link":"https:\/\/www.dantik.es\/en\/producto\/pendientes-colgantes-de-oro-rosa-de-18k-con-32-diamantes-en-talla-antigua-con-un-total-de-104-cts\/","title":{"rendered":"Pendientes colgantes de oro rosa de 18k con 32 diamantes en talla antigua con un total de 1,04 cts"},"content":{"rendered":"<p>Pendientes colgantes de oro rosa de 18k, con un dise\u00f1o moderno y femenino. Su tono c\u00e1lido y suave aporta un brillo delicado, ideal para a\u00f1adir elegancia y estilo a cualquier ocasi\u00f3n.<\/p>\n","protected":false},"excerpt":{"rendered":"<p>Pendientes colgantes de oro rosa de 18k, con un dise\u00f1o moderno y femenino. Su tono c\u00e1lido y suave aporta un brillo delicado, ideal para a\u00f1adir elegancia y estilo a cualquier ocasi\u00f3n.<\/p>\n","protected":false},"featured_media":11367,"comment_status":"closed","ping_status":"closed","template":"","meta":[],"translation":{"provider":"WPGlobus","version":"2.12.2","language":"en","enabled_languages":["es","en"],"languages":{"es":{"title":true,"content":true,"excerpt":false},"en":{"title":false,"content":false,"excerpt":false}}},"_links":{"self":[{"href":"https:\/\/www.dantik.es\/en\/wp-json\/wp\/v2\/product\/11366"}],"collection":[{"href":"https:\/\/www.dantik.es\/en\/wp-json\/wp\/v2\/product"}],"about":[{"href":"https:\/\/www.dantik.es\/en\/wp-json\/wp\/v2\/types\/product"}],"replies":[{"embeddable":true,"href":"https:\/\/www.dantik.es\/en\/wp-json\/wp\/v2\/comments?post=11366"}],"wp:featuredmedia":[{"embeddable":true,"href":"https:\/\/www.dantik.es\/en\/wp-json\/wp\/v2\/media\/11367"}],"wp:attachment":[{"href":"https:\/\/www.dantik.es\/en\/wp-json\/wp\/v2\/media?parent=11366"}],"curies":[{"name":"wp","href":"https:\/\/api.w.org\/{rel}","templated":true}]}}