{"id":11351,"date":"2025-06-18T11:35:40","date_gmt":"2025-06-18T09:35:40","guid":{"rendered":"https:\/\/www.dantik.es\/?post_type=product&#038;p=11351"},"modified":"2025-06-18T11:35:41","modified_gmt":"2025-06-18T09:35:41","slug":"conjunto-de-pendientes-y-colgante-de-oro-blanco-de-18k-con-144-diamantes-en-talla-brillante-con-un-total-de-3-cts","status":"publish","type":"product","link":"https:\/\/www.dantik.es\/en\/producto\/conjunto-de-pendientes-y-colgante-de-oro-blanco-de-18k-con-144-diamantes-en-talla-brillante-con-un-total-de-3-cts\/","title":{"rendered":"Conjunto de pendientes y colgante de oro blanco de 18k con 144 diamantes en talla brillante con un total de 3 cts"},"content":{"rendered":"<p>Conjunto de pendientes y colgante de oro blanco de 18k, dise\u00f1ado con elegancia y armon\u00eda. Su acabado brillante y estilo atemporal lo convierten en una opci\u00f3n ideal para realzar cualquier look con un toque de sofisticaci\u00f3n.<\/p>\n","protected":false},"excerpt":{"rendered":"<p>Conjunto de pendientes y colgante de oro blanco de 18k, dise\u00f1ado con elegancia y armon\u00eda. Su acabado brillante y estilo atemporal lo convierten en una opci\u00f3n ideal para realzar cualquier look con un toque de sofisticaci\u00f3n.<\/p>\n","protected":false},"featured_media":11361,"comment_status":"closed","ping_status":"closed","template":"","meta":[],"translation":{"provider":"WPGlobus","version":"2.12.2","language":"en","enabled_languages":["es","en"],"languages":{"es":{"title":true,"content":true,"excerpt":false},"en":{"title":false,"content":false,"excerpt":false}}},"_links":{"self":[{"href":"https:\/\/www.dantik.es\/en\/wp-json\/wp\/v2\/product\/11351"}],"collection":[{"href":"https:\/\/www.dantik.es\/en\/wp-json\/wp\/v2\/product"}],"about":[{"href":"https:\/\/www.dantik.es\/en\/wp-json\/wp\/v2\/types\/product"}],"replies":[{"embeddable":true,"href":"https:\/\/www.dantik.es\/en\/wp-json\/wp\/v2\/comments?post=11351"}],"wp:featuredmedia":[{"embeddable":true,"href":"https:\/\/www.dantik.es\/en\/wp-json\/wp\/v2\/media\/11361"}],"wp:attachment":[{"href":"https:\/\/www.dantik.es\/en\/wp-json\/wp\/v2\/media?parent=11351"}],"curies":[{"name":"wp","href":"https:\/\/api.w.org\/{rel}","templated":true}]}}