{"id":11349,"date":"2025-06-18T11:00:27","date_gmt":"2025-06-18T09:00:27","guid":{"rendered":"https:\/\/www.dantik.es\/?post_type=product&#038;p=11349"},"modified":"2025-06-18T11:03:21","modified_gmt":"2025-06-18T09:03:21","slug":"anillo-solitario-de-oro-blanco-de-18k-con-amatista-central-de-un-total-de-3-cts-2","status":"publish","type":"product","link":"https:\/\/www.dantik.es\/en\/producto\/anillo-solitario-de-oro-blanco-de-18k-con-amatista-central-de-un-total-de-3-cts-2\/","title":{"rendered":"Anillo solitario de oro blanco de 18k con amatista central de un total de 3 cts"},"content":{"rendered":"<p>Un elegante anillo solitario de oro blanco de 18k, que presenta una deslumbrante amatista central. La piedra, con su vibrante color morado, resalta sobre el metal blanco, creando un contraste sofisticado y moderno. Ideal para quienes buscan un dise\u00f1o cl\u00e1sico pero con un toque de color \u00fanico.<\/p>\n","protected":false},"excerpt":{"rendered":"<p>Un elegante anillo solitario de oro blanco de 18k, que presenta una deslumbrante amatista central. La piedra, con su vibrante color morado, resalta sobre el metal blanco, creando un contraste sofisticado y moderno. Ideal para quienes buscan un dise\u00f1o cl\u00e1sico pero con un toque de color \u00fanico.<\/p>\n","protected":false},"featured_media":11329,"comment_status":"closed","ping_status":"closed","template":"","meta":[],"translation":{"provider":"WPGlobus","version":"2.12.2","language":"en","enabled_languages":["es","en"],"languages":{"es":{"title":true,"content":true,"excerpt":false},"en":{"title":false,"content":false,"excerpt":false}}},"_links":{"self":[{"href":"https:\/\/www.dantik.es\/en\/wp-json\/wp\/v2\/product\/11349"}],"collection":[{"href":"https:\/\/www.dantik.es\/en\/wp-json\/wp\/v2\/product"}],"about":[{"href":"https:\/\/www.dantik.es\/en\/wp-json\/wp\/v2\/types\/product"}],"replies":[{"embeddable":true,"href":"https:\/\/www.dantik.es\/en\/wp-json\/wp\/v2\/comments?post=11349"}],"wp:featuredmedia":[{"embeddable":true,"href":"https:\/\/www.dantik.es\/en\/wp-json\/wp\/v2\/media\/11329"}],"wp:attachment":[{"href":"https:\/\/www.dantik.es\/en\/wp-json\/wp\/v2\/media?parent=11349"}],"curies":[{"name":"wp","href":"https:\/\/api.w.org\/{rel}","templated":true}]}}