{"id":11274,"date":"2025-06-17T18:01:36","date_gmt":"2025-06-17T16:01:36","guid":{"rendered":"https:\/\/www.dantik.es\/?post_type=product&#038;p=11274"},"modified":"2025-06-17T18:01:37","modified_gmt":"2025-06-17T16:01:37","slug":"media-alianza-de-oro-amarillo-de-18k-con-21-diamantes-en-talla-brillante-con-un-total-de-21-cts","status":"publish","type":"product","link":"https:\/\/www.dantik.es\/en\/producto\/media-alianza-de-oro-amarillo-de-18k-con-21-diamantes-en-talla-brillante-con-un-total-de-21-cts\/","title":{"rendered":"Media alianza de oro amarillo de 18k con 21 diamantes en talla brillante con un total de 2,1 cts"},"content":{"rendered":"<p>Media alianza en oro amarillo de 18 quilates, engastada con 21 diamantes que aportan un brillo sutil y elegante. Un dise\u00f1o cl\u00e1sico y refinado, ideal para simbolizar momentos especiales o complementar cualquier estilo con distinci\u00f3n.<\/p>\n","protected":false},"excerpt":{"rendered":"<p>Media alianza en oro amarillo de 18 quilates, engastada con 21 diamantes que aportan un brillo sutil y elegante. Un dise\u00f1o cl\u00e1sico y refinado, ideal para simbolizar momentos especiales o complementar cualquier estilo con distinci\u00f3n.<\/p>\n","protected":false},"featured_media":11250,"comment_status":"closed","ping_status":"closed","template":"","meta":[],"translation":{"provider":"WPGlobus","version":"2.12.2","language":"en","enabled_languages":["es","en"],"languages":{"es":{"title":true,"content":true,"excerpt":false},"en":{"title":false,"content":false,"excerpt":false}}},"_links":{"self":[{"href":"https:\/\/www.dantik.es\/en\/wp-json\/wp\/v2\/product\/11274"}],"collection":[{"href":"https:\/\/www.dantik.es\/en\/wp-json\/wp\/v2\/product"}],"about":[{"href":"https:\/\/www.dantik.es\/en\/wp-json\/wp\/v2\/types\/product"}],"replies":[{"embeddable":true,"href":"https:\/\/www.dantik.es\/en\/wp-json\/wp\/v2\/comments?post=11274"}],"wp:featuredmedia":[{"embeddable":true,"href":"https:\/\/www.dantik.es\/en\/wp-json\/wp\/v2\/media\/11250"}],"wp:attachment":[{"href":"https:\/\/www.dantik.es\/en\/wp-json\/wp\/v2\/media?parent=11274"}],"curies":[{"name":"wp","href":"https:\/\/api.w.org\/{rel}","templated":true}]}}