{"id":11242,"date":"2025-06-17T17:23:25","date_gmt":"2025-06-17T15:23:25","guid":{"rendered":"https:\/\/www.dantik.es\/?post_type=product&#038;p=11242"},"modified":"2025-06-17T17:23:38","modified_gmt":"2025-06-17T15:23:38","slug":"pulsera-riviere-de-oro-blanco-de-18k-con-17-diamantes-en-talla-brillante-cpn-un-total-de-17-cts","status":"publish","type":"product","link":"https:\/\/www.dantik.es\/en\/producto\/pulsera-riviere-de-oro-blanco-de-18k-con-17-diamantes-en-talla-brillante-cpn-un-total-de-17-cts\/","title":{"rendered":"Pulsera riviere de oro blanco de 18k con 17 diamantes en talla brillante con un total de 1,7 cts"},"content":{"rendered":"<p>Pulsera riviere en oro blanco de 18k, con una elegante sucesi\u00f3n de diamantes que aportan brillo continuo y sofisticaci\u00f3n. Un cl\u00e1sico atemporal, ideal para ocasiones especiales o uso diario con estilo.<\/p>\n","protected":false},"excerpt":{"rendered":"<p>Pulsera riviere en oro blanco de 18k, con una elegante sucesi\u00f3n de diamantes que aportan brillo continuo y sofisticaci\u00f3n. Un cl\u00e1sico atemporal, ideal para ocasiones especiales o uso diario con estilo.<\/p>\n","protected":false},"featured_media":11216,"comment_status":"closed","ping_status":"closed","template":"","meta":[],"translation":{"provider":"WPGlobus","version":"2.12.2","language":"en","enabled_languages":["es","en"],"languages":{"es":{"title":true,"content":true,"excerpt":false},"en":{"title":false,"content":false,"excerpt":false}}},"_links":{"self":[{"href":"https:\/\/www.dantik.es\/en\/wp-json\/wp\/v2\/product\/11242"}],"collection":[{"href":"https:\/\/www.dantik.es\/en\/wp-json\/wp\/v2\/product"}],"about":[{"href":"https:\/\/www.dantik.es\/en\/wp-json\/wp\/v2\/types\/product"}],"replies":[{"embeddable":true,"href":"https:\/\/www.dantik.es\/en\/wp-json\/wp\/v2\/comments?post=11242"}],"wp:featuredmedia":[{"embeddable":true,"href":"https:\/\/www.dantik.es\/en\/wp-json\/wp\/v2\/media\/11216"}],"wp:attachment":[{"href":"https:\/\/www.dantik.es\/en\/wp-json\/wp\/v2\/media?parent=11242"}],"curies":[{"name":"wp","href":"https:\/\/api.w.org\/{rel}","templated":true}]}}