{"id":11183,"date":"2025-06-17T12:17:10","date_gmt":"2025-06-17T10:17:10","guid":{"rendered":"https:\/\/www.dantik.es\/?post_type=product&#038;p=11183"},"modified":"2025-06-17T12:17:10","modified_gmt":"2025-06-17T10:17:10","slug":"pendientes-roseton-de-oro-blanco-de-18k-con-90-diamantes-en-talla-brillante-con-un-total-de-54-cts","status":"publish","type":"product","link":"https:\/\/www.dantik.es\/en\/producto\/pendientes-roseton-de-oro-blanco-de-18k-con-90-diamantes-en-talla-brillante-con-un-total-de-54-cts\/","title":{"rendered":"Pendientes roset\u00f3n de oro blanco de 18k con 90 diamantes en talla brillante con un total de 5,4 cts"},"content":{"rendered":"<p>Pendientes tipo roset\u00f3n con un total de 5,4 quilates en diamantes, de dise\u00f1o cl\u00e1sico y luminoso. Su forma floral realza el brillo de cada piedra, aportando elegancia y distinci\u00f3n.<\/p>\n","protected":false},"excerpt":{"rendered":"<p>Pendientes tipo roset\u00f3n con un total de 5,4 quilates en diamantes, de dise\u00f1o cl\u00e1sico y luminoso. Su forma floral realza el brillo de cada piedra, aportando elegancia y distinci\u00f3n.<\/p>\n","protected":false},"featured_media":11198,"comment_status":"closed","ping_status":"closed","template":"","meta":[],"translation":{"provider":"WPGlobus","version":"2.12.2","language":"en","enabled_languages":["es","en"],"languages":{"es":{"title":true,"content":true,"excerpt":false},"en":{"title":false,"content":false,"excerpt":false}}},"_links":{"self":[{"href":"https:\/\/www.dantik.es\/en\/wp-json\/wp\/v2\/product\/11183"}],"collection":[{"href":"https:\/\/www.dantik.es\/en\/wp-json\/wp\/v2\/product"}],"about":[{"href":"https:\/\/www.dantik.es\/en\/wp-json\/wp\/v2\/types\/product"}],"replies":[{"embeddable":true,"href":"https:\/\/www.dantik.es\/en\/wp-json\/wp\/v2\/comments?post=11183"}],"wp:featuredmedia":[{"embeddable":true,"href":"https:\/\/www.dantik.es\/en\/wp-json\/wp\/v2\/media\/11198"}],"wp:attachment":[{"href":"https:\/\/www.dantik.es\/en\/wp-json\/wp\/v2\/media?parent=11183"}],"curies":[{"name":"wp","href":"https:\/\/api.w.org\/{rel}","templated":true}]}}