{"id":11182,"date":"2025-06-17T11:40:49","date_gmt":"2025-06-17T09:40:49","guid":{"rendered":"https:\/\/www.dantik.es\/?post_type=product&#038;p=11182"},"modified":"2025-06-17T11:40:49","modified_gmt":"2025-06-17T09:40:49","slug":"media-alianza-de-oro-amarillo-de-18k-con-7-diamantes-en-talla-brillante-con-un-total-de-021-cts","status":"publish","type":"product","link":"https:\/\/www.dantik.es\/en\/producto\/media-alianza-de-oro-amarillo-de-18k-con-7-diamantes-en-talla-brillante-con-un-total-de-021-cts\/","title":{"rendered":"Media alianza de oro amarillo de 18k con 7 diamantes en talla brillante con un total de 0,21 cts"},"content":{"rendered":"<article class=\"text-token-text-primary w-full\" dir=\"auto\" data-testid=\"conversation-turn-8\" data-scroll-anchor=\"true\">\n<h6 class=\"sr-only\">ChatGPT Plus<\/h6>\n<div class=\"text-base my-auto mx-auto py-5 [--thread-content-margin:--spacing(4)] @[37rem]:[--thread-content-margin:--spacing(6)] @[72rem]:[--thread-content-margin:--spacing(16)] px-(--thread-content-margin)\">\n<div class=\"[--thread-content-max-width:32rem] @[34rem]:[--thread-content-max-width:40rem] @[64rem]:[--thread-content-max-width:48rem] mx-auto flex max-w-(--thread-content-max-width) flex-1 text-base gap-4 md:gap-5 lg:gap-6 group\/turn-messages focus-visible:outline-hidden\" tabindex=\"-1\">\n<div class=\"group\/conversation-turn relative flex w-full min-w-0 flex-col agent-turn\">\n<div class=\"relative flex-col gap-1 md:gap-3\">\n<div class=\"flex max-w-full flex-col grow\">\n<div class=\"min-h-8 text-message relative flex w-full flex-col items-end gap-2 text-start break-words whitespace-normal [.text-message+&amp;]:mt-5\" dir=\"auto\" data-message-author-role=\"assistant\" data-message-id=\"689a4a86-9ff9-4208-8c16-1f2d97f09865\" data-message-model-slug=\"gpt-4o\">\n<div class=\"flex w-full flex-col gap-1 empty:hidden first:pt-[3px]\">\n<div class=\"markdown prose dark:prose-invert w-full break-words light\">\n<p data-start=\"0\" data-end=\"197\" data-is-last-node=\"\" data-is-only-node=\"\">Sofisticada media alianza en oro con dise\u00f1o de anillo central destacado, rodeado por delicados detalles que realzan su brillo. Una pieza \u00fanica que combina estilo cl\u00e1sico con un toque contempor\u00e1neo.<\/p>\n<\/div>\n<\/div>\n<\/div>\n<\/div>\n<\/div>\n<\/div>\n<\/div>\n<\/div>\n<\/article>\n","protected":false},"excerpt":{"rendered":"<p>ChatGPT Plus Sofisticada media alianza en oro con dise\u00f1o de anillo central destacado, rodeado por delicados detalles que realzan su brillo. Una pieza \u00fanica que combina estilo cl\u00e1sico con un toque contempor\u00e1neo.<\/p>\n","protected":false},"featured_media":11160,"comment_status":"closed","ping_status":"closed","template":"","meta":[],"translation":{"provider":"WPGlobus","version":"2.12.2","language":"en","enabled_languages":["es","en"],"languages":{"es":{"title":true,"content":true,"excerpt":false},"en":{"title":false,"content":false,"excerpt":false}}},"_links":{"self":[{"href":"https:\/\/www.dantik.es\/en\/wp-json\/wp\/v2\/product\/11182"}],"collection":[{"href":"https:\/\/www.dantik.es\/en\/wp-json\/wp\/v2\/product"}],"about":[{"href":"https:\/\/www.dantik.es\/en\/wp-json\/wp\/v2\/types\/product"}],"replies":[{"embeddable":true,"href":"https:\/\/www.dantik.es\/en\/wp-json\/wp\/v2\/comments?post=11182"}],"wp:featuredmedia":[{"embeddable":true,"href":"https:\/\/www.dantik.es\/en\/wp-json\/wp\/v2\/media\/11160"}],"wp:attachment":[{"href":"https:\/\/www.dantik.es\/en\/wp-json\/wp\/v2\/media?parent=11182"}],"curies":[{"name":"wp","href":"https:\/\/api.w.org\/{rel}","templated":true}]}}