{"id":11156,"date":"2025-06-17T10:44:11","date_gmt":"2025-06-17T08:44:11","guid":{"rendered":"https:\/\/www.dantik.es\/?post_type=product&#038;p=11156"},"modified":"2025-06-17T10:44:11","modified_gmt":"2025-06-17T08:44:11","slug":"media-alianza-de-oro-amarillo-de-18k-con-28-diamantes-en-talla-brillante-con-un-total-de-084-cts-y-4-rubies-en-talla-marquesa-con-un-total-de-040-cts","status":"publish","type":"product","link":"https:\/\/www.dantik.es\/en\/producto\/media-alianza-de-oro-amarillo-de-18k-con-28-diamantes-en-talla-brillante-con-un-total-de-084-cts-y-4-rubies-en-talla-marquesa-con-un-total-de-040-cts\/","title":{"rendered":"Media alianza de oro amarillo de 18k con 28 diamantes en talla brillante con un total de 0,84 cts y 4 rub\u00edes en talla marquesa con un total de 0,40 cts"},"content":{"rendered":"<p>Elegante media alianza en oro amarillo con tres filas resplandecientes: una central de rub\u00edes y dos laterales,de diamantes. Un dise\u00f1o armonioso y sofisticado que combina brillo y color con distinci\u00f3n.<\/p>\n","protected":false},"excerpt":{"rendered":"<p>Elegante media alianza en oro amarillo con tres filas resplandecientes: una central de rub\u00edes y dos laterales,de diamantes. Un dise\u00f1o armonioso y sofisticado que combina brillo y color con distinci\u00f3n.<\/p>\n","protected":false},"featured_media":11170,"comment_status":"closed","ping_status":"closed","template":"","meta":[],"translation":{"provider":"WPGlobus","version":"2.12.2","language":"en","enabled_languages":["es","en"],"languages":{"es":{"title":true,"content":true,"excerpt":false},"en":{"title":false,"content":false,"excerpt":false}}},"_links":{"self":[{"href":"https:\/\/www.dantik.es\/en\/wp-json\/wp\/v2\/product\/11156"}],"collection":[{"href":"https:\/\/www.dantik.es\/en\/wp-json\/wp\/v2\/product"}],"about":[{"href":"https:\/\/www.dantik.es\/en\/wp-json\/wp\/v2\/types\/product"}],"replies":[{"embeddable":true,"href":"https:\/\/www.dantik.es\/en\/wp-json\/wp\/v2\/comments?post=11156"}],"wp:featuredmedia":[{"embeddable":true,"href":"https:\/\/www.dantik.es\/en\/wp-json\/wp\/v2\/media\/11170"}],"wp:attachment":[{"href":"https:\/\/www.dantik.es\/en\/wp-json\/wp\/v2\/media?parent=11156"}],"curies":[{"name":"wp","href":"https:\/\/api.w.org\/{rel}","templated":true}]}}