{"id":11060,"date":"2025-06-12T19:19:30","date_gmt":"2025-06-12T17:19:30","guid":{"rendered":"https:\/\/www.dantik.es\/?post_type=product&#038;p=11060"},"modified":"2025-06-12T19:19:30","modified_gmt":"2025-06-12T17:19:30","slug":"media-alianza-de-oro-blanco-de-18k-con-33-diamantes-en-talla-brillante-y-baguette-con-un-total-de-15-cts","status":"publish","type":"product","link":"https:\/\/www.dantik.es\/en\/producto\/media-alianza-de-oro-blanco-de-18k-con-33-diamantes-en-talla-brillante-y-baguette-con-un-total-de-15-cts\/","title":{"rendered":"Media alianza de oro blanco de 18k con 33 diamantes en talla brillante y baguette con un total de 1,5 cts"},"content":{"rendered":"<p>Media alianza de oro blanco de 18 quilates, elegantemente engastada con 33 diamantes que alternan tallas brillante y baguette. Este dise\u00f1o combina el destello redondo de la talla brillante con la sofisticaci\u00f3n lineal de los diamantes baguette, creando un efecto visual arm\u00f3nico y refinado. Ideal como anillo de compromiso, aniversario o joya de celebraci\u00f3n, su dise\u00f1o atemporal aporta distinci\u00f3n y luminosidad a quien lo lleva.<\/p>\n","protected":false},"excerpt":{"rendered":"<p>Media alianza de oro blanco de 18 quilates, elegantemente engastada con 33 diamantes que alternan tallas brillante y baguette. Este dise\u00f1o combina el destello redondo de la talla brillante con la sofisticaci\u00f3n lineal de los diamantes baguette, creando un efecto visual arm\u00f3nico y refinado. Ideal como anillo de compromiso, aniversario o joya de celebraci\u00f3n, su dise\u00f1o atemporal aporta distinci\u00f3n y&hellip;<\/p>\n","protected":false},"featured_media":11048,"comment_status":"closed","ping_status":"closed","template":"","meta":[],"translation":{"provider":"WPGlobus","version":"2.12.2","language":"en","enabled_languages":["es","en"],"languages":{"es":{"title":true,"content":true,"excerpt":false},"en":{"title":false,"content":false,"excerpt":false}}},"_links":{"self":[{"href":"https:\/\/www.dantik.es\/en\/wp-json\/wp\/v2\/product\/11060"}],"collection":[{"href":"https:\/\/www.dantik.es\/en\/wp-json\/wp\/v2\/product"}],"about":[{"href":"https:\/\/www.dantik.es\/en\/wp-json\/wp\/v2\/types\/product"}],"replies":[{"embeddable":true,"href":"https:\/\/www.dantik.es\/en\/wp-json\/wp\/v2\/comments?post=11060"}],"wp:featuredmedia":[{"embeddable":true,"href":"https:\/\/www.dantik.es\/en\/wp-json\/wp\/v2\/media\/11048"}],"wp:attachment":[{"href":"https:\/\/www.dantik.es\/en\/wp-json\/wp\/v2\/media?parent=11060"}],"curies":[{"name":"wp","href":"https:\/\/api.w.org\/{rel}","templated":true}]}}