{"id":11024,"date":"2025-06-12T19:05:49","date_gmt":"2025-06-12T17:05:49","guid":{"rendered":"https:\/\/www.dantik.es\/?post_type=product&#038;p=11024"},"modified":"2025-06-12T19:05:49","modified_gmt":"2025-06-12T17:05:49","slug":"media-alianza-de-oro-blanco-de-18k-con-2-diamantes-en-talla-brillante-con-un-total-de-004-cts-y-3-zafiros-con-un-total-de-03-cts","status":"publish","type":"product","link":"https:\/\/www.dantik.es\/en\/producto\/media-alianza-de-oro-blanco-de-18k-con-2-diamantes-en-talla-brillante-con-un-total-de-004-cts-y-3-zafiros-con-un-total-de-03-cts\/","title":{"rendered":"Media alianza de oro blanco de 18k con 2 diamantes en talla brillante con un total de 0,04 cts y 3 zafiros con un total de 0,3 cts"},"content":{"rendered":"<p>Una sortija media alianza con zafiros y diamantes presenta una elegante sucesi\u00f3n de gemas engastadas en fila sobre la mitad del aro. Alternando zafiros de intenso azul y diamantes brillantes, esta combinaci\u00f3n crea un contraste armonioso y sofisticado. Su dise\u00f1o atemporal la convierte en una joya vers\u00e1til, ideal tanto para el uso diario como para ocasiones especiales.<\/p>\n","protected":false},"excerpt":{"rendered":"<p>Una sortija media alianza con zafiros y diamantes presenta una elegante sucesi\u00f3n de gemas engastadas en fila sobre la mitad del aro. Alternando zafiros de intenso azul y diamantes brillantes, esta combinaci\u00f3n crea un contraste armonioso y sofisticado. Su dise\u00f1o atemporal la convierte en una joya vers\u00e1til, ideal tanto para el uso diario como para ocasiones especiales.<\/p>\n","protected":false},"featured_media":11043,"comment_status":"closed","ping_status":"closed","template":"","meta":[],"translation":{"provider":"WPGlobus","version":"2.12.2","language":"en","enabled_languages":["es","en"],"languages":{"es":{"title":true,"content":true,"excerpt":false},"en":{"title":false,"content":false,"excerpt":false}}},"_links":{"self":[{"href":"https:\/\/www.dantik.es\/en\/wp-json\/wp\/v2\/product\/11024"}],"collection":[{"href":"https:\/\/www.dantik.es\/en\/wp-json\/wp\/v2\/product"}],"about":[{"href":"https:\/\/www.dantik.es\/en\/wp-json\/wp\/v2\/types\/product"}],"replies":[{"embeddable":true,"href":"https:\/\/www.dantik.es\/en\/wp-json\/wp\/v2\/comments?post=11024"}],"wp:featuredmedia":[{"embeddable":true,"href":"https:\/\/www.dantik.es\/en\/wp-json\/wp\/v2\/media\/11043"}],"wp:attachment":[{"href":"https:\/\/www.dantik.es\/en\/wp-json\/wp\/v2\/media?parent=11024"}],"curies":[{"name":"wp","href":"https:\/\/api.w.org\/{rel}","templated":true}]}}