{"id":11022,"date":"2025-06-12T18:37:25","date_gmt":"2025-06-12T16:37:25","guid":{"rendered":"https:\/\/www.dantik.es\/?post_type=product&#038;p=11022"},"modified":"2025-06-12T18:37:26","modified_gmt":"2025-06-12T16:37:26","slug":"anillo-tu-y-yo-de-oro-amarillo-de-18k-con-2-diamantes-en-talla-brillante-con-un-total-de-12-cts-y-30-rubies-en-talla-princesa-con-un-total-de-12-cts","status":"publish","type":"product","link":"https:\/\/www.dantik.es\/en\/producto\/anillo-tu-y-yo-de-oro-amarillo-de-18k-con-2-diamantes-en-talla-brillante-con-un-total-de-12-cts-y-30-rubies-en-talla-princesa-con-un-total-de-12-cts\/","title":{"rendered":"Anillo tu y yo de oro amarillo de 18k con 2 diamantes en talla brillante con un total de 1,2 cts y  30 rub\u00edes en talla princesa con un total de 1,2 cts"},"content":{"rendered":"<p>Una sortija &#8220;T\u00fa y Yo&#8221; se caracteriza por sus dos diamantes centrales enfrentados, s\u00edmbolo de uni\u00f3n y amor entre dos personas. En esta versi\u00f3n, los diamantes est\u00e1n enmarcados por un delicado engaste de rub\u00edes que los rodea, aportando un contraste c\u00e1lido y refinado. El dise\u00f1o combina elegancia cl\u00e1sica con un toque de color vibrante, haciendo de esta joya una pieza significativa y distinguida.<\/p>\n","protected":false},"excerpt":{"rendered":"<p>Una sortija &#8220;T\u00fa y Yo&#8221; se caracteriza por sus dos diamantes centrales enfrentados, s\u00edmbolo de uni\u00f3n y amor entre dos personas. En esta versi\u00f3n, los diamantes est\u00e1n enmarcados por un delicado engaste de rub\u00edes que los rodea, aportando un contraste c\u00e1lido y refinado. El dise\u00f1o combina elegancia cl\u00e1sica con un toque de color vibrante, haciendo de esta joya una pieza&hellip;<\/p>\n","protected":false},"featured_media":11010,"comment_status":"closed","ping_status":"closed","template":"","meta":[],"translation":{"provider":"WPGlobus","version":"2.12.2","language":"en","enabled_languages":["es","en"],"languages":{"es":{"title":true,"content":true,"excerpt":false},"en":{"title":false,"content":false,"excerpt":false}}},"_links":{"self":[{"href":"https:\/\/www.dantik.es\/en\/wp-json\/wp\/v2\/product\/11022"}],"collection":[{"href":"https:\/\/www.dantik.es\/en\/wp-json\/wp\/v2\/product"}],"about":[{"href":"https:\/\/www.dantik.es\/en\/wp-json\/wp\/v2\/types\/product"}],"replies":[{"embeddable":true,"href":"https:\/\/www.dantik.es\/en\/wp-json\/wp\/v2\/comments?post=11022"}],"wp:featuredmedia":[{"embeddable":true,"href":"https:\/\/www.dantik.es\/en\/wp-json\/wp\/v2\/media\/11010"}],"wp:attachment":[{"href":"https:\/\/www.dantik.es\/en\/wp-json\/wp\/v2\/media?parent=11022"}],"curies":[{"name":"wp","href":"https:\/\/api.w.org\/{rel}","templated":true}]}}