{"id":11021,"date":"2025-06-12T18:17:24","date_gmt":"2025-06-12T16:17:24","guid":{"rendered":"https:\/\/www.dantik.es\/?post_type=product&#038;p=11021"},"modified":"2025-06-12T18:17:24","modified_gmt":"2025-06-12T16:17:24","slug":"sortija-roseton-de-oro-amarillo-de-18k-con-27-diamantes-talla-brillante-con-un-total-de-227-cts-y-16-rubies-en-talla-baguette-con-un-total-de-11-cts","status":"publish","type":"product","link":"https:\/\/www.dantik.es\/en\/producto\/sortija-roseton-de-oro-amarillo-de-18k-con-27-diamantes-talla-brillante-con-un-total-de-227-cts-y-16-rubies-en-talla-baguette-con-un-total-de-11-cts\/","title":{"rendered":"Sortija Roseton de oro amarillo de 18k con 27 diamantes talla brillante con un total de 2,27 cts y 16 rub\u00edes en talla baguette con un total de 1,1 cts"},"content":{"rendered":"<p>Una sortija tipo roset\u00f3n presenta un dise\u00f1o cl\u00e1sico y elegante. En el centro destaca un diamante de corte brillante, que act\u00faa como piedra principal. Rodeando este diamante central hay un halo de rub\u00edes de intenso color rojo, que aportan un contraste vibrante y sofisticado. M\u00e1s all\u00e1 de los rub\u00edes, una segunda hilera de diamantes enmarca el conjunto, a\u00f1adiendo a\u00fan m\u00e1s brillo y realzando el efecto visual del roset\u00f3n. Esta composici\u00f3n armoniosa crea una pieza impactante, ideal para ocasiones especiales.<\/p>\n","protected":false},"excerpt":{"rendered":"<p>Una sortija tipo roset\u00f3n presenta un dise\u00f1o cl\u00e1sico y elegante. En el centro destaca un diamante de corte brillante, que act\u00faa como piedra principal. Rodeando este diamante central hay un halo de rub\u00edes de intenso color rojo, que aportan un contraste vibrante y sofisticado. M\u00e1s all\u00e1 de los rub\u00edes, una segunda hilera de diamantes enmarca el conjunto, a\u00f1adiendo a\u00fan m\u00e1s&hellip;<\/p>\n","protected":false},"featured_media":11018,"comment_status":"closed","ping_status":"closed","template":"","meta":[],"translation":{"provider":"WPGlobus","version":"2.12.2","language":"en","enabled_languages":["es","en"],"languages":{"es":{"title":true,"content":true,"excerpt":false},"en":{"title":false,"content":false,"excerpt":false}}},"_links":{"self":[{"href":"https:\/\/www.dantik.es\/en\/wp-json\/wp\/v2\/product\/11021"}],"collection":[{"href":"https:\/\/www.dantik.es\/en\/wp-json\/wp\/v2\/product"}],"about":[{"href":"https:\/\/www.dantik.es\/en\/wp-json\/wp\/v2\/types\/product"}],"replies":[{"embeddable":true,"href":"https:\/\/www.dantik.es\/en\/wp-json\/wp\/v2\/comments?post=11021"}],"wp:featuredmedia":[{"embeddable":true,"href":"https:\/\/www.dantik.es\/en\/wp-json\/wp\/v2\/media\/11018"}],"wp:attachment":[{"href":"https:\/\/www.dantik.es\/en\/wp-json\/wp\/v2\/media?parent=11021"}],"curies":[{"name":"wp","href":"https:\/\/api.w.org\/{rel}","templated":true}]}}