{"id":10994,"date":"2025-06-11T18:17:16","date_gmt":"2025-06-11T16:17:16","guid":{"rendered":"https:\/\/www.dantik.es\/?post_type=product&#038;p=10994"},"modified":"2025-06-18T11:07:16","modified_gmt":"2025-06-18T09:07:16","slug":"pulsera-tous-de-oro-y-acero-osos-sweet-dolls","status":"publish","type":"product","link":"https:\/\/www.dantik.es\/en\/producto\/pulsera-tous-de-oro-y-acero-osos-sweet-dolls\/","title":{"rendered":"Pulsera Tous de oro y acero osos Sweet Dolls"},"content":{"rendered":"<p>Pulsera Tous de la colecci\u00f3n Sweet Dolls, colecci\u00f3n m\u00e1s reconocible y exitosa, y fue una de las primeras colecciones de TOUS.<\/p>\n<p><span class=\"variant-name\" data-v-6c8aeebe=\"\">Oro 18kt-<span class=\"property-name\" data-v-7c6f116e=\"\">Peso total aproximado <\/span> <span class=\"property-value\" data-v-7c6f116e=\"\"> 0.856 g<\/span><\/span><\/p>\n<p>&nbsp;<\/p>\n<p>&nbsp;<\/p>\n","protected":false},"excerpt":{"rendered":"<p>Pulsera Tous de la colecci\u00f3n Sweet Dolls, colecci\u00f3n m\u00e1s reconocible y exitosa, y fue una de las primeras colecciones de TOUS. Oro 18kt-Peso total aproximado 0.856 g &nbsp; &nbsp;<\/p>\n","protected":false},"featured_media":10881,"comment_status":"closed","ping_status":"closed","template":"","meta":[],"translation":{"provider":"WPGlobus","version":"2.12.2","language":"en","enabled_languages":["es","en"],"languages":{"es":{"title":true,"content":true,"excerpt":false},"en":{"title":false,"content":false,"excerpt":false}}},"_links":{"self":[{"href":"https:\/\/www.dantik.es\/en\/wp-json\/wp\/v2\/product\/10994"}],"collection":[{"href":"https:\/\/www.dantik.es\/en\/wp-json\/wp\/v2\/product"}],"about":[{"href":"https:\/\/www.dantik.es\/en\/wp-json\/wp\/v2\/types\/product"}],"replies":[{"embeddable":true,"href":"https:\/\/www.dantik.es\/en\/wp-json\/wp\/v2\/comments?post=10994"}],"wp:featuredmedia":[{"embeddable":true,"href":"https:\/\/www.dantik.es\/en\/wp-json\/wp\/v2\/media\/10881"}],"wp:attachment":[{"href":"https:\/\/www.dantik.es\/en\/wp-json\/wp\/v2\/media?parent=10994"}],"curies":[{"name":"wp","href":"https:\/\/api.w.org\/{rel}","templated":true}]}}