{"id":10971,"date":"2025-06-11T17:25:14","date_gmt":"2025-06-11T15:25:14","guid":{"rendered":"https:\/\/www.dantik.es\/?post_type=product&#038;p=10971"},"modified":"2025-06-11T17:25:14","modified_gmt":"2025-06-11T15:25:14","slug":"sortija-roseton-de-oro-amarillo-de-18k-con-15-diamantes-en-talla-brillante-con-un-total-de-1-ct","status":"publish","type":"product","link":"https:\/\/www.dantik.es\/en\/producto\/sortija-roseton-de-oro-amarillo-de-18k-con-15-diamantes-en-talla-brillante-con-un-total-de-1-ct\/","title":{"rendered":"Sortija Roset\u00f3n de oro amarillo de 18k con 15 diamantes en talla brillante con un total de 1 ct"},"content":{"rendered":"<p>Sortija roset\u00f3n de estilo cl\u00e1sico, con un dise\u00f1o central en forma de flor engastado con diamantes que suman un total de 1 quilate. Una pieza elegante y luminosa, ideal para ocasiones especiales.<\/p>\n","protected":false},"excerpt":{"rendered":"<p>Sortija roset\u00f3n de estilo cl\u00e1sico, con un dise\u00f1o central en forma de flor engastado con diamantes que suman un total de 1 quilate. Una pieza elegante y luminosa, ideal para ocasiones especiales.<\/p>\n","protected":false},"featured_media":10300,"comment_status":"closed","ping_status":"closed","template":"","meta":[],"translation":{"provider":"WPGlobus","version":"2.12.2","language":"en","enabled_languages":["es","en"],"languages":{"es":{"title":true,"content":true,"excerpt":false},"en":{"title":false,"content":false,"excerpt":false}}},"_links":{"self":[{"href":"https:\/\/www.dantik.es\/en\/wp-json\/wp\/v2\/product\/10971"}],"collection":[{"href":"https:\/\/www.dantik.es\/en\/wp-json\/wp\/v2\/product"}],"about":[{"href":"https:\/\/www.dantik.es\/en\/wp-json\/wp\/v2\/types\/product"}],"replies":[{"embeddable":true,"href":"https:\/\/www.dantik.es\/en\/wp-json\/wp\/v2\/comments?post=10971"}],"wp:featuredmedia":[{"embeddable":true,"href":"https:\/\/www.dantik.es\/en\/wp-json\/wp\/v2\/media\/10300"}],"wp:attachment":[{"href":"https:\/\/www.dantik.es\/en\/wp-json\/wp\/v2\/media?parent=10971"}],"curies":[{"name":"wp","href":"https:\/\/api.w.org\/{rel}","templated":true}]}}