{"id":10852,"date":"2025-06-11T12:49:47","date_gmt":"2025-06-11T10:49:47","guid":{"rendered":"https:\/\/www.dantik.es\/?post_type=product&#038;p=10852"},"modified":"2025-06-11T12:49:47","modified_gmt":"2025-06-11T10:49:47","slug":"pendientes-roseton-de-oro-blanco-de-18k-con-8-diamantes-en-talla-brillante-con-un-total-de-016-cts-y-perla-central","status":"publish","type":"product","link":"https:\/\/www.dantik.es\/en\/producto\/pendientes-roseton-de-oro-blanco-de-18k-con-8-diamantes-en-talla-brillante-con-un-total-de-016-cts-y-perla-central\/","title":{"rendered":"Pendientes Roset\u00f3n de oro blanco de 18k con 8 diamantes en talla brillante con un total de 0,16 cts y perla central"},"content":{"rendered":"<p>Pendientes roset\u00f3n de dise\u00f1o cl\u00e1sico, adornados con diamantes que enmarcan una perla central, creando un contraste de brillo y suavidad. Elegancia atemporal para lucir en eventos especiales.<\/p>\n","protected":false},"excerpt":{"rendered":"<p>Pendientes roset\u00f3n de dise\u00f1o cl\u00e1sico, adornados con diamantes que enmarcan una perla central, creando un contraste de brillo y suavidad. Elegancia atemporal para lucir en eventos especiales.<\/p>\n","protected":false},"featured_media":10867,"comment_status":"closed","ping_status":"closed","template":"","meta":[],"translation":{"provider":"WPGlobus","version":"2.12.2","language":"en","enabled_languages":["es","en"],"languages":{"es":{"title":true,"content":true,"excerpt":false},"en":{"title":false,"content":false,"excerpt":false}}},"_links":{"self":[{"href":"https:\/\/www.dantik.es\/en\/wp-json\/wp\/v2\/product\/10852"}],"collection":[{"href":"https:\/\/www.dantik.es\/en\/wp-json\/wp\/v2\/product"}],"about":[{"href":"https:\/\/www.dantik.es\/en\/wp-json\/wp\/v2\/types\/product"}],"replies":[{"embeddable":true,"href":"https:\/\/www.dantik.es\/en\/wp-json\/wp\/v2\/comments?post=10852"}],"wp:featuredmedia":[{"embeddable":true,"href":"https:\/\/www.dantik.es\/en\/wp-json\/wp\/v2\/media\/10867"}],"wp:attachment":[{"href":"https:\/\/www.dantik.es\/en\/wp-json\/wp\/v2\/media?parent=10852"}],"curies":[{"name":"wp","href":"https:\/\/api.w.org\/{rel}","templated":true}]}}