{"id":10850,"date":"2025-06-11T12:15:10","date_gmt":"2025-06-11T10:15:10","guid":{"rendered":"https:\/\/www.dantik.es\/?post_type=product&#038;p=10850"},"modified":"2025-06-11T12:15:11","modified_gmt":"2025-06-11T10:15:11","slug":"sortija-roseton-de-oro-amarillo-de-18k-con-39-diamantes-en-talla-brillante-con-un-total-de-081-cts","status":"publish","type":"product","link":"https:\/\/www.dantik.es\/en\/producto\/sortija-roseton-de-oro-amarillo-de-18k-con-39-diamantes-en-talla-brillante-con-un-total-de-081-cts\/","title":{"rendered":"Sortija Roset\u00f3n de oro amarillo de 18k con 39 diamantes en talla brillante con un total de 0,81 cts"},"content":{"rendered":"<p>Sortija roset\u00f3n de estilo cl\u00e1sico, con un dise\u00f1o central en forma de flor engastado con diamantes que suman un total de 0,81 quilates. Una pieza elegante y luminosa, ideal para ocasiones especiales.<\/p>\n","protected":false},"excerpt":{"rendered":"<p>Sortija roset\u00f3n de estilo cl\u00e1sico, con un dise\u00f1o central en forma de flor engastado con diamantes que suman un total de 0,81 quilates. Una pieza elegante y luminosa, ideal para ocasiones especiales.<\/p>\n","protected":false},"featured_media":10824,"comment_status":"closed","ping_status":"closed","template":"","meta":[],"translation":{"provider":"WPGlobus","version":"2.12.2","language":"en","enabled_languages":["es","en"],"languages":{"es":{"title":true,"content":true,"excerpt":false},"en":{"title":false,"content":false,"excerpt":false}}},"_links":{"self":[{"href":"https:\/\/www.dantik.es\/en\/wp-json\/wp\/v2\/product\/10850"}],"collection":[{"href":"https:\/\/www.dantik.es\/en\/wp-json\/wp\/v2\/product"}],"about":[{"href":"https:\/\/www.dantik.es\/en\/wp-json\/wp\/v2\/types\/product"}],"replies":[{"embeddable":true,"href":"https:\/\/www.dantik.es\/en\/wp-json\/wp\/v2\/comments?post=10850"}],"wp:featuredmedia":[{"embeddable":true,"href":"https:\/\/www.dantik.es\/en\/wp-json\/wp\/v2\/media\/10824"}],"wp:attachment":[{"href":"https:\/\/www.dantik.es\/en\/wp-json\/wp\/v2\/media?parent=10850"}],"curies":[{"name":"wp","href":"https:\/\/api.w.org\/{rel}","templated":true}]}}