{"id":10849,"date":"2025-06-11T12:08:31","date_gmt":"2025-06-11T10:08:31","guid":{"rendered":"https:\/\/www.dantik.es\/?post_type=product&#038;p=10849"},"modified":"2025-06-11T12:08:32","modified_gmt":"2025-06-11T10:08:32","slug":"collar-de-perlas-barrocas-con-cierre-de-oro-amarillo-de-18k","status":"publish","type":"product","link":"https:\/\/www.dantik.es\/en\/producto\/collar-de-perlas-barrocas-con-cierre-de-oro-amarillo-de-18k\/","title":{"rendered":"Collar de perlas barrocas con cierre de oro amarillo de 18k"},"content":{"rendered":"<p>Collar de perlas barrocas, de formas org\u00e1nicas y \u00fanicas, que aportan un estilo natural y elegante. Completado con un cierre de oro amarillo de 18 quilates, que a\u00f1ade un toque de lujo y distinci\u00f3n a esta pieza atemporal.<\/p>\n","protected":false},"excerpt":{"rendered":"<p>Collar de perlas barrocas, de formas org\u00e1nicas y \u00fanicas, que aportan un estilo natural y elegante. Completado con un cierre de oro amarillo de 18 quilates, que a\u00f1ade un toque de lujo y distinci\u00f3n a esta pieza atemporal.<\/p>\n","protected":false},"featured_media":10842,"comment_status":"closed","ping_status":"closed","template":"","meta":[],"translation":{"provider":"WPGlobus","version":"2.12.2","language":"en","enabled_languages":["es","en"],"languages":{"es":{"title":true,"content":true,"excerpt":false},"en":{"title":false,"content":false,"excerpt":false}}},"_links":{"self":[{"href":"https:\/\/www.dantik.es\/en\/wp-json\/wp\/v2\/product\/10849"}],"collection":[{"href":"https:\/\/www.dantik.es\/en\/wp-json\/wp\/v2\/product"}],"about":[{"href":"https:\/\/www.dantik.es\/en\/wp-json\/wp\/v2\/types\/product"}],"replies":[{"embeddable":true,"href":"https:\/\/www.dantik.es\/en\/wp-json\/wp\/v2\/comments?post=10849"}],"wp:featuredmedia":[{"embeddable":true,"href":"https:\/\/www.dantik.es\/en\/wp-json\/wp\/v2\/media\/10842"}],"wp:attachment":[{"href":"https:\/\/www.dantik.es\/en\/wp-json\/wp\/v2\/media?parent=10849"}],"curies":[{"name":"wp","href":"https:\/\/api.w.org\/{rel}","templated":true}]}}