{"id":10554,"date":"2025-06-10T12:27:29","date_gmt":"2025-06-10T10:27:29","guid":{"rendered":"https:\/\/www.dantik.es\/?post_type=product&#038;p=10554"},"modified":"2025-06-10T12:27:29","modified_gmt":"2025-06-10T10:27:29","slug":"media-alianza-de-oro-blanco-de-18k-con-9-diamantes-en-talla-brillante-con-un-total-de-018-cts","status":"publish","type":"product","link":"https:\/\/www.dantik.es\/en\/producto\/media-alianza-de-oro-blanco-de-18k-con-9-diamantes-en-talla-brillante-con-un-total-de-018-cts\/","title":{"rendered":"Media alianza de oro blanco de 18k con 9 diamantes en talla brillante con un total de 0,18 cts"},"content":{"rendered":"<p>Moderna y sofisticada, esta media alianza est\u00e1 engastada con diamantes en talla brillante que aportan un estilo audaz y elegante. Su dise\u00f1o contempor\u00e1neo la convierte en una pieza ideal para quienes buscan una joya con personalidad y distinci\u00f3n.<\/p>\n","protected":false},"excerpt":{"rendered":"<p>Moderna y sofisticada, esta media alianza est\u00e1 engastada con diamantes en talla brillante que aportan un estilo audaz y elegante. Su dise\u00f1o contempor\u00e1neo la convierte en una pieza ideal para quienes buscan una joya con personalidad y distinci\u00f3n.<\/p>\n","protected":false},"featured_media":10555,"comment_status":"closed","ping_status":"closed","template":"","meta":[],"translation":{"provider":"WPGlobus","version":"2.12.2","language":"en","enabled_languages":["es","en"],"languages":{"es":{"title":true,"content":true,"excerpt":false},"en":{"title":false,"content":false,"excerpt":false}}},"_links":{"self":[{"href":"https:\/\/www.dantik.es\/en\/wp-json\/wp\/v2\/product\/10554"}],"collection":[{"href":"https:\/\/www.dantik.es\/en\/wp-json\/wp\/v2\/product"}],"about":[{"href":"https:\/\/www.dantik.es\/en\/wp-json\/wp\/v2\/types\/product"}],"replies":[{"embeddable":true,"href":"https:\/\/www.dantik.es\/en\/wp-json\/wp\/v2\/comments?post=10554"}],"wp:featuredmedia":[{"embeddable":true,"href":"https:\/\/www.dantik.es\/en\/wp-json\/wp\/v2\/media\/10555"}],"wp:attachment":[{"href":"https:\/\/www.dantik.es\/en\/wp-json\/wp\/v2\/media?parent=10554"}],"curies":[{"name":"wp","href":"https:\/\/api.w.org\/{rel}","templated":true}]}}