{"id":10548,"date":"2025-06-10T11:48:02","date_gmt":"2025-06-10T09:48:02","guid":{"rendered":"https:\/\/www.dantik.es\/?post_type=product&#038;p=10548"},"modified":"2025-06-10T11:48:03","modified_gmt":"2025-06-10T09:48:03","slug":"pendientes-de-oro-blanco-de-18k-con-2-diamantes-centrales-en-talla-brillante-con-un-total-de-040-cts","status":"publish","type":"product","link":"https:\/\/www.dantik.es\/en\/producto\/pendientes-de-oro-blanco-de-18k-con-2-diamantes-centrales-en-talla-brillante-con-un-total-de-040-cts\/","title":{"rendered":"Pendientes de oro blanco de 18K con 2 diamantes centrales en talla brillante con un total de 0,40 cts"},"content":{"rendered":"<p>Elegantes pendientes engastados con diamantes en talla brillante, que destacan por su resplandor y pureza. De dise\u00f1o atemporal y sofisticado, son la elecci\u00f3n perfecta para a\u00f1adir un toque de luz y refinamiento<\/p>\n","protected":false},"excerpt":{"rendered":"<p>Elegantes pendientes engastados con diamantes en talla brillante, que destacan por su resplandor y pureza. De dise\u00f1o atemporal y sofisticado, son la elecci\u00f3n perfecta para a\u00f1adir un toque de luz y refinamiento<\/p>\n","protected":false},"featured_media":10531,"comment_status":"closed","ping_status":"closed","template":"","meta":[],"translation":{"provider":"WPGlobus","version":"2.12.2","language":"en","enabled_languages":["es","en"],"languages":{"es":{"title":true,"content":true,"excerpt":false},"en":{"title":false,"content":false,"excerpt":false}}},"_links":{"self":[{"href":"https:\/\/www.dantik.es\/en\/wp-json\/wp\/v2\/product\/10548"}],"collection":[{"href":"https:\/\/www.dantik.es\/en\/wp-json\/wp\/v2\/product"}],"about":[{"href":"https:\/\/www.dantik.es\/en\/wp-json\/wp\/v2\/types\/product"}],"replies":[{"embeddable":true,"href":"https:\/\/www.dantik.es\/en\/wp-json\/wp\/v2\/comments?post=10548"}],"wp:featuredmedia":[{"embeddable":true,"href":"https:\/\/www.dantik.es\/en\/wp-json\/wp\/v2\/media\/10531"}],"wp:attachment":[{"href":"https:\/\/www.dantik.es\/en\/wp-json\/wp\/v2\/media?parent=10548"}],"curies":[{"name":"wp","href":"https:\/\/api.w.org\/{rel}","templated":true}]}}