{"id":10546,"date":"2025-06-10T11:20:40","date_gmt":"2025-06-10T09:20:40","guid":{"rendered":"https:\/\/www.dantik.es\/?post_type=product&#038;p=10546"},"modified":"2025-06-10T11:20:40","modified_gmt":"2025-06-10T09:20:40","slug":"pendientes-roseton-de-oro-amarillo-de-18k-con-2-esmeraldas-centrales-con-un-total-de-3-cts-y-28-diamantes-en-talla-brillante-con-un-total-de-196-cts","status":"publish","type":"product","link":"https:\/\/www.dantik.es\/en\/producto\/pendientes-roseton-de-oro-amarillo-de-18k-con-2-esmeraldas-centrales-con-un-total-de-3-cts-y-28-diamantes-en-talla-brillante-con-un-total-de-196-cts\/","title":{"rendered":"Pendientes roset\u00f3n de oro amarillo de 18k con 2 esmeraldas centrales con un total de 3 cts y 28 diamantes en talla brillante con un total de 1,96 cts"},"content":{"rendered":"<p>Sofisticados pendientes que combinan esmeraldas de intenso color verde con brillantes diamantes en talla brillante. Un dise\u00f1o equilibrado y luminoso que resalta la elegancia natural de las gemas, perfectos para aportar un toque de distinci\u00f3n y color a cualquier ocasi\u00f3n.<\/p>\n","protected":false},"excerpt":{"rendered":"<p>Sofisticados pendientes que combinan esmeraldas de intenso color verde con brillantes diamantes en talla brillante. Un dise\u00f1o equilibrado y luminoso que resalta la elegancia natural de las gemas, perfectos para aportar un toque de distinci\u00f3n y color a cualquier ocasi\u00f3n.<\/p>\n","protected":false},"featured_media":10522,"comment_status":"closed","ping_status":"closed","template":"","meta":[],"translation":{"provider":"WPGlobus","version":"2.12.2","language":"en","enabled_languages":["es","en"],"languages":{"es":{"title":true,"content":true,"excerpt":false},"en":{"title":false,"content":false,"excerpt":false}}},"_links":{"self":[{"href":"https:\/\/www.dantik.es\/en\/wp-json\/wp\/v2\/product\/10546"}],"collection":[{"href":"https:\/\/www.dantik.es\/en\/wp-json\/wp\/v2\/product"}],"about":[{"href":"https:\/\/www.dantik.es\/en\/wp-json\/wp\/v2\/types\/product"}],"replies":[{"embeddable":true,"href":"https:\/\/www.dantik.es\/en\/wp-json\/wp\/v2\/comments?post=10546"}],"wp:featuredmedia":[{"embeddable":true,"href":"https:\/\/www.dantik.es\/en\/wp-json\/wp\/v2\/media\/10522"}],"wp:attachment":[{"href":"https:\/\/www.dantik.es\/en\/wp-json\/wp\/v2\/media?parent=10546"}],"curies":[{"name":"wp","href":"https:\/\/api.w.org\/{rel}","templated":true}]}}