{"id":10503,"date":"2025-06-06T12:46:53","date_gmt":"2025-06-06T10:46:53","guid":{"rendered":"https:\/\/www.dantik.es\/?post_type=product&#038;p=10503"},"modified":"2025-06-06T12:46:53","modified_gmt":"2025-06-06T10:46:53","slug":"conjunto-de-pendientes-y-anillo-de-oro-amarillo-de-18k-con-3-diamantes-en-talla-brillante-con-un-total-de-015-cts","status":"publish","type":"product","link":"https:\/\/www.dantik.es\/en\/producto\/conjunto-de-pendientes-y-anillo-de-oro-amarillo-de-18k-con-3-diamantes-en-talla-brillante-con-un-total-de-015-cts\/","title":{"rendered":"Conjunto de pendientes y anillo de oro amarillo de 18k con 3 diamantes en talla brillante con un total de 0,15 cts"},"content":{"rendered":"<p>Conjunto de oro con brillantes, una combinaci\u00f3n perfecta de elegancia y luminosidad. Cada pieza destaca por su refinado dise\u00f1o y el destello sutil de los diamantes, ideal para ocasiones especiales o para realzar el d\u00eda a d\u00eda con un toque de lujo.<\/p>\n<p>-Pendientes sueltos-1090<\/p>\n<p>-Anillo suelto-1400<\/p>\n","protected":false},"excerpt":{"rendered":"<p>Conjunto de oro con brillantes, una combinaci\u00f3n perfecta de elegancia y luminosidad. Cada pieza destaca por su refinado dise\u00f1o y el destello sutil de los diamantes, ideal para ocasiones especiales o para realzar el d\u00eda a d\u00eda con un toque de lujo. -Pendientes sueltos-1090 -Anillo suelto-1400<\/p>\n","protected":false},"featured_media":10507,"comment_status":"closed","ping_status":"closed","template":"","meta":[],"translation":{"provider":"WPGlobus","version":"2.12.2","language":"en","enabled_languages":["es","en"],"languages":{"es":{"title":true,"content":true,"excerpt":false},"en":{"title":false,"content":false,"excerpt":false}}},"_links":{"self":[{"href":"https:\/\/www.dantik.es\/en\/wp-json\/wp\/v2\/product\/10503"}],"collection":[{"href":"https:\/\/www.dantik.es\/en\/wp-json\/wp\/v2\/product"}],"about":[{"href":"https:\/\/www.dantik.es\/en\/wp-json\/wp\/v2\/types\/product"}],"replies":[{"embeddable":true,"href":"https:\/\/www.dantik.es\/en\/wp-json\/wp\/v2\/comments?post=10503"}],"wp:featuredmedia":[{"embeddable":true,"href":"https:\/\/www.dantik.es\/en\/wp-json\/wp\/v2\/media\/10507"}],"wp:attachment":[{"href":"https:\/\/www.dantik.es\/en\/wp-json\/wp\/v2\/media?parent=10503"}],"curies":[{"name":"wp","href":"https:\/\/api.w.org\/{rel}","templated":true}]}}