{"id":10499,"date":"2025-06-06T12:03:41","date_gmt":"2025-06-06T10:03:41","guid":{"rendered":"https:\/\/www.dantik.es\/?post_type=product&#038;p=10499"},"modified":"2025-06-06T12:03:42","modified_gmt":"2025-06-06T10:03:42","slug":"broche-de-oro-de-18k-con-20-diamantes-en-talla-brillante-con-un-total-de-0-28-cts-y-20-rubies-en-talla-princesa-con-un-total-de-020-cts","status":"publish","type":"product","link":"https:\/\/www.dantik.es\/en\/producto\/broche-de-oro-de-18k-con-20-diamantes-en-talla-brillante-con-un-total-de-0-28-cts-y-20-rubies-en-talla-princesa-con-un-total-de-020-cts\/","title":{"rendered":"Broche de oro de 18k con 20 diamantes en talla brillante con un total de 0.28 cts y 20 rub\u00edes en talla princesa con un total de 0,20 cts"},"content":{"rendered":"<p>Broche de oro con un dise\u00f1o elegante, realzado por diamantes brillantes y rub\u00edes intensos, que aportan un toque de lujo y distinci\u00f3n.<\/p>\n","protected":false},"excerpt":{"rendered":"<p>Broche de oro con un dise\u00f1o elegante, realzado por diamantes brillantes y rub\u00edes intensos, que aportan un toque de lujo y distinci\u00f3n.<\/p>\n","protected":false},"featured_media":10500,"comment_status":"closed","ping_status":"closed","template":"","meta":[],"translation":{"provider":"WPGlobus","version":"2.12.2","language":"en","enabled_languages":["es","en"],"languages":{"es":{"title":true,"content":true,"excerpt":false},"en":{"title":false,"content":false,"excerpt":false}}},"_links":{"self":[{"href":"https:\/\/www.dantik.es\/en\/wp-json\/wp\/v2\/product\/10499"}],"collection":[{"href":"https:\/\/www.dantik.es\/en\/wp-json\/wp\/v2\/product"}],"about":[{"href":"https:\/\/www.dantik.es\/en\/wp-json\/wp\/v2\/types\/product"}],"replies":[{"embeddable":true,"href":"https:\/\/www.dantik.es\/en\/wp-json\/wp\/v2\/comments?post=10499"}],"wp:featuredmedia":[{"embeddable":true,"href":"https:\/\/www.dantik.es\/en\/wp-json\/wp\/v2\/media\/10500"}],"wp:attachment":[{"href":"https:\/\/www.dantik.es\/en\/wp-json\/wp\/v2\/media?parent=10499"}],"curies":[{"name":"wp","href":"https:\/\/api.w.org\/{rel}","templated":true}]}}