{"id":10489,"date":"2025-06-06T10:53:53","date_gmt":"2025-06-06T08:53:53","guid":{"rendered":"https:\/\/www.dantik.es\/?post_type=product&#038;p=10489"},"modified":"2025-06-06T10:53:53","modified_gmt":"2025-06-06T08:53:53","slug":"sortija-roseton-de-oro-blanco-de-18k-con-6-diamantes-en-talla-brillante-con-un-total-de-012-cts-y-perla-de-tahiti-y-cultivada","status":"publish","type":"product","link":"https:\/\/www.dantik.es\/en\/producto\/sortija-roseton-de-oro-blanco-de-18k-con-6-diamantes-en-talla-brillante-con-un-total-de-012-cts-y-perla-de-tahiti-y-cultivada\/","title":{"rendered":"Sortija Roset\u00f3n de oro blanco de 18K con 6 diamantes en talla brillante con un total de 0,12 cts y perla de tahiti y cultivada"},"content":{"rendered":"<p>Sortija Roset\u00f3n de oro blanco de 18K, engastada con diamantes que realzan el centro con una exquisita perla cultivada y otra de Tahit\u00ed, conocida por su singular brillo y tonalidad ex\u00f3tica. Una joya sofisticada que combina lujo y elegancia atemporal.<\/p>\n","protected":false},"excerpt":{"rendered":"<p>Sortija Roset\u00f3n de oro blanco de 18K, engastada con diamantes que realzan el centro con una exquisita perla cultivada y otra de Tahit\u00ed, conocida por su singular brillo y tonalidad ex\u00f3tica. Una joya sofisticada que combina lujo y elegancia atemporal.<\/p>\n","protected":false},"featured_media":10490,"comment_status":"closed","ping_status":"closed","template":"","meta":[],"translation":{"provider":"WPGlobus","version":"2.12.2","language":"en","enabled_languages":["es","en"],"languages":{"es":{"title":true,"content":true,"excerpt":false},"en":{"title":false,"content":false,"excerpt":false}}},"_links":{"self":[{"href":"https:\/\/www.dantik.es\/en\/wp-json\/wp\/v2\/product\/10489"}],"collection":[{"href":"https:\/\/www.dantik.es\/en\/wp-json\/wp\/v2\/product"}],"about":[{"href":"https:\/\/www.dantik.es\/en\/wp-json\/wp\/v2\/types\/product"}],"replies":[{"embeddable":true,"href":"https:\/\/www.dantik.es\/en\/wp-json\/wp\/v2\/comments?post=10489"}],"wp:featuredmedia":[{"embeddable":true,"href":"https:\/\/www.dantik.es\/en\/wp-json\/wp\/v2\/media\/10490"}],"wp:attachment":[{"href":"https:\/\/www.dantik.es\/en\/wp-json\/wp\/v2\/media?parent=10489"}],"curies":[{"name":"wp","href":"https:\/\/api.w.org\/{rel}","templated":true}]}}