{"id":10470,"date":"2025-06-05T19:15:42","date_gmt":"2025-06-05T17:15:42","guid":{"rendered":"https:\/\/www.dantik.es\/?post_type=product&#038;p=10470"},"modified":"2025-06-05T19:15:42","modified_gmt":"2025-06-05T17:15:42","slug":"sortija-roseton-de-oro-amarillo-de-18k-con-42-diamantes-en-talla-brillante-con-un-total-042-cts-y-48-rubies-en-talla-esmeralda-con-un-total-de-24-cts","status":"publish","type":"product","link":"https:\/\/www.dantik.es\/en\/producto\/sortija-roseton-de-oro-amarillo-de-18k-con-42-diamantes-en-talla-brillante-con-un-total-042-cts-y-48-rubies-en-talla-esmeralda-con-un-total-de-24-cts\/","title":{"rendered":"Sortija Roset\u00f3n de oro amarillo de 18k con 42 diamantes en talla brillante con un total 0,42 cts y 48 rub\u00edes en talla esmeralda con un total de 2,4 cts"},"content":{"rendered":"<p>Deslumbrante sortija roset\u00f3n en oro amarillo de 18k, con 42 diamantes talla brillante (0,42 cts) que enmarcan 48 intensos rub\u00edes en talla esmeralda (2,4 cts), creando una pieza vibrante y sofisticada de gran impacto visual.<\/p>\n","protected":false},"excerpt":{"rendered":"<p>Deslumbrante sortija roset\u00f3n en oro amarillo de 18k, con 42 diamantes talla brillante (0,42 cts) que enmarcan 48 intensos rub\u00edes en talla esmeralda (2,4 cts), creando una pieza vibrante y sofisticada de gran impacto visual.<\/p>\n","protected":false},"featured_media":10406,"comment_status":"closed","ping_status":"closed","template":"","meta":[],"translation":{"provider":"WPGlobus","version":"2.12.2","language":"en","enabled_languages":["es","en"],"languages":{"es":{"title":true,"content":true,"excerpt":false},"en":{"title":false,"content":false,"excerpt":false}}},"_links":{"self":[{"href":"https:\/\/www.dantik.es\/en\/wp-json\/wp\/v2\/product\/10470"}],"collection":[{"href":"https:\/\/www.dantik.es\/en\/wp-json\/wp\/v2\/product"}],"about":[{"href":"https:\/\/www.dantik.es\/en\/wp-json\/wp\/v2\/types\/product"}],"replies":[{"embeddable":true,"href":"https:\/\/www.dantik.es\/en\/wp-json\/wp\/v2\/comments?post=10470"}],"wp:featuredmedia":[{"embeddable":true,"href":"https:\/\/www.dantik.es\/en\/wp-json\/wp\/v2\/media\/10406"}],"wp:attachment":[{"href":"https:\/\/www.dantik.es\/en\/wp-json\/wp\/v2\/media?parent=10470"}],"curies":[{"name":"wp","href":"https:\/\/api.w.org\/{rel}","templated":true}]}}