{"id":10426,"date":"2025-06-05T17:31:34","date_gmt":"2025-06-05T15:31:34","guid":{"rendered":"https:\/\/www.dantik.es\/?post_type=product&#038;p=10426"},"modified":"2025-06-05T17:31:34","modified_gmt":"2025-06-05T15:31:34","slug":"pendientes-de-oro-amarillo-de-18k-con-2-diamantes-centrales-en-talla-brillante-con-un-total-de-016cts","status":"publish","type":"product","link":"https:\/\/www.dantik.es\/en\/producto\/pendientes-de-oro-amarillo-de-18k-con-2-diamantes-centrales-en-talla-brillante-con-un-total-de-016cts\/","title":{"rendered":"Pendientes de oro amarillo de 18K con 2 diamantes centrales en talla brillante con un total de 0,16cts"},"content":{"rendered":"<p>Pendientes triangulares de oro con un dise\u00f1o minimalista y elegante. Su forma geom\u00e9trica aporta un toque moderno, mientras que el brillo del oro les da sofisticaci\u00f3n y los diamantes versatilidad para cualquier ocasi\u00f3n.<\/p>\n","protected":false},"excerpt":{"rendered":"<p>Pendientes triangulares de oro con un dise\u00f1o minimalista y elegante. Su forma geom\u00e9trica aporta un toque moderno, mientras que el brillo del oro les da sofisticaci\u00f3n y los diamantes versatilidad para cualquier ocasi\u00f3n.<\/p>\n","protected":false},"featured_media":10427,"comment_status":"closed","ping_status":"closed","template":"","meta":[],"translation":{"provider":"WPGlobus","version":"2.12.2","language":"en","enabled_languages":["es","en"],"languages":{"es":{"title":true,"content":true,"excerpt":false},"en":{"title":false,"content":false,"excerpt":false}}},"_links":{"self":[{"href":"https:\/\/www.dantik.es\/en\/wp-json\/wp\/v2\/product\/10426"}],"collection":[{"href":"https:\/\/www.dantik.es\/en\/wp-json\/wp\/v2\/product"}],"about":[{"href":"https:\/\/www.dantik.es\/en\/wp-json\/wp\/v2\/types\/product"}],"replies":[{"embeddable":true,"href":"https:\/\/www.dantik.es\/en\/wp-json\/wp\/v2\/comments?post=10426"}],"wp:featuredmedia":[{"embeddable":true,"href":"https:\/\/www.dantik.es\/en\/wp-json\/wp\/v2\/media\/10427"}],"wp:attachment":[{"href":"https:\/\/www.dantik.es\/en\/wp-json\/wp\/v2\/media?parent=10426"}],"curies":[{"name":"wp","href":"https:\/\/api.w.org\/{rel}","templated":true}]}}